{"id":10,"date":"2017-07-12T09:33:36","date_gmt":"2017-07-12T09:33:36","guid":{"rendered":"http:\/\/erotikmassagehaus.de\/?page_id=10"},"modified":"2025-09-01T09:29:39","modified_gmt":"2025-09-01T07:29:39","slug":"verwoehnmassagen","status":"publish","type":"page","link":"https:\/\/erotikmassagehaus.de\/?page_id=10","title":{"rendered":"Verw\u00f6hnmassagen"},"content":{"rendered":"<p align=\"justify\"><img loading=\"lazy\" decoding=\"async\" class=\"size-full wp-image-1953 aligncenter\" src=\"http:\/\/erotikmassagehaus.de\/wp-content\/uploads\/2020\/07\/massage_01.jpg\" alt=\"\" width=\"248\" height=\"223\"><\/p>\n<p style=\"text-align: left;\" align=\"justify\"><span style=\"color: black; font-family: Tahoma;\">G\u00f6nnen&nbsp;Sie&nbsp;sich den &#8222;Brillant&#8220; der besonderen Erlebnisse auf dem Erotikmassagemarkt!<\/span><\/p>\n<p style=\"text-align: left;\" align=\"justify\"><span style=\"color: black; font-family: Tahoma;\">Eine &#8222;Erotische-Wellness-Verw\u00f6hnmassage&#8220; in freundlicher Atomsph\u00e4re bei aufgeschlossenen und zug\u00e4nglichen&nbsp;Masseusen.&nbsp;Auf&nbsp;Wunsch mit sexuellen Dienstleistungen!<\/span><\/p>\n<p align=\"justify\"><span style=\"color: black; font-family: Tahoma;\">Eine &#8222;Erotische-Wellness-Verw\u00f6hnmassage&#8220; mit Handentspannung kostet bei ca. 20-30 Minuten 85,- \u20ac. Diese umfasst eine sanfte Massage bzw. Bestreichelung des K\u00f6rpers, auch der Geschlechtsteile. Haben Sie zus\u00e4tzliche W\u00fcnsche verhandeln Sie den Preis hierf\u00fcr mit ihrer ausgesuchten Behandlerin.<\/span><\/p>\n<p style=\"text-align: left;\" align=\"justify\"><span style=\"color: black; font-family: Tahoma;\">Im Gegensatz zu herk\u00f6mmlichen Wellnessmassagen h\u00f6ren wir nicht dort auf, wo Ihr Bed\u00fcrfnis anf\u00e4ngt. Wenn Ihre Sinne belebt sind, Endorphine Ihr Gem\u00fct stimulieren und Schmetterlinge im Bauch Purzelb\u00e4ume schlagen, bringen unsere Masseusen Ihren Zustand, hygienisch, diskret und wunschgem\u00e4\u00df auf den Punkt. In gem\u00e4\u00dfigtem Umfang ist Ber\u00fchren der Masseuse erlaubt.&nbsp;<\/span><\/p>\n<p style=\"text-align: left;\" align=\"justify\"><span style=\"color: black; font-family: Tahoma;\">Leistungen \u00fcber diesen Rahmen hinaus k\u00f6nnen bei uns nicht im Voraus gebucht werden. Bei mehr Handlungsbedarf entscheidet die Masseuse selbst, ob sie auf weitere W\u00fcnsche eingeht und zu welchen Bedingungen. Machen Sie ein Angebot. Sie k\u00f6nnen auch \u00fcber Sex reden und verhandeln.<\/span><\/p>\n<p style=\"text-align: left;\" align=\"justify\"><span style=\"color: black; font-family: Tahoma;\">Eine Garantie, dass Sie zu einem H\u00f6hepunkt kommen, kann nicht \u00fcbernommen werden.<\/span><\/p>\n<p style=\"text-align: left;\" align=\"justify\"><span style=\"color: black; font-family: Tahoma;\">Wir w\u00fcnschen Ihnen ein unvergessliches, prickelndes Wellness-Gl\u00fccks-Erlebnis bei einem entspannenden Aufenthalt!<\/span><\/p>\n\n\n<hr class=\"wp-block-separator has-css-opacity is-style-wide\"\/>\n\n\n\n<p class=\"has-text-align-center\">Unsere \u00d6ffnungszeiten: t\u00e4glich von 10.00 &#8211; 22.00 Uhr &#8211; auch Sonn- und Feiertag, Br\u00fcckenstra\u00dfe 2, 4982 Obernberg am Inn\/\u00d6sterreich<\/p>\n","protected":false},"excerpt":{"rendered":"<p>G\u00f6nnen&nbsp;Sie&nbsp;sich den &#8222;Brillant&#8220; der besonderen Erlebnisse auf dem Erotikmassagemarkt! Eine &#8222;Erotische-Wellness-Verw\u00f6hnmassage&#8220; in freundlicher Atomsph\u00e4re bei aufgeschlossenen und zug\u00e4nglichen&nbsp;Masseusen.&nbsp;Auf&nbsp;Wunsch mit sexuellen Dienstleistungen! Eine &#8222;Erotische-Wellness-Verw\u00f6hnmassage&#8220; mit Handentspannung kostet bei ca. 20-30 Minuten 85,- \u20ac. Diese umfasst eine sanfte Massage bzw. Bestreichelung des K\u00f6rpers, auch der Geschlechtsteile. Haben Sie zus\u00e4tzliche W\u00fcnsche verhandeln Sie den Preis hierf\u00fcr mit ihrer &hellip; <\/p>\n<p class=\"link-more\"><a href=\"https:\/\/erotikmassagehaus.de\/?page_id=10\" class=\"more-link\"><span class=\"screen-reader-text\">\u201eVerw\u00f6hnmassagen\u201c<\/span> weiterlesen<\/a><\/p>\n","protected":false},"author":1,"featured_media":0,"parent":0,"menu_order":0,"comment_status":"closed","ping_status":"closed","template":"","meta":{"ngg_post_thumbnail":0,"footnotes":""},"class_list":["post-10","page","type-page","status-publish","hentry"],"yoast_head":"<!-- This site is optimized with the Yoast SEO plugin v27.2 - https:\/\/yoast.com\/product\/yoast-seo-wordpress\/ -->\n<title>Verw\u00f6hnmassagen - Erotikmassagehaus<\/title>\n<meta name=\"robots\" content=\"index, follow, max-snippet:-1, max-image-preview:large, max-video-preview:-1\" \/>\n<link rel=\"canonical\" href=\"https:\/\/erotikmassagehaus.de\/?page_id=10\" \/>\n<meta property=\"og:locale\" content=\"de_DE\" \/>\n<meta property=\"og:type\" content=\"article\" \/>\n<meta property=\"og:title\" content=\"Verw\u00f6hnmassagen - Erotikmassagehaus\" \/>\n<meta property=\"og:description\" content=\"G\u00f6nnen&nbsp;Sie&nbsp;sich den &#8222;Brillant&#8220; der besonderen Erlebnisse auf dem Erotikmassagemarkt! Eine &#8222;Erotische-Wellness-Verw\u00f6hnmassage&#8220; in freundlicher Atomsph\u00e4re bei aufgeschlossenen und zug\u00e4nglichen&nbsp;Masseusen.&nbsp;Auf&nbsp;Wunsch mit sexuellen Dienstleistungen! Eine &#8222;Erotische-Wellness-Verw\u00f6hnmassage&#8220; mit Handentspannung kostet bei ca. 20-30 Minuten 85,- \u20ac. Diese umfasst eine sanfte Massage bzw. Bestreichelung des K\u00f6rpers, auch der Geschlechtsteile. Haben Sie zus\u00e4tzliche W\u00fcnsche verhandeln Sie den Preis hierf\u00fcr mit ihrer &hellip; \u201eVerw\u00f6hnmassagen\u201c weiterlesen\" \/>\n<meta property=\"og:url\" content=\"https:\/\/erotikmassagehaus.de\/?page_id=10\" \/>\n<meta property=\"og:site_name\" content=\"Erotikmassagehaus\" \/>\n<meta property=\"article:modified_time\" content=\"2025-09-01T07:29:39+00:00\" \/>\n<meta property=\"og:image\" content=\"https:\/\/erotikmassagehaus.de\/wp-content\/uploads\/2020\/07\/massage_01.jpg\" \/>\n\t<meta property=\"og:image:width\" content=\"248\" \/>\n\t<meta property=\"og:image:height\" content=\"223\" \/>\n\t<meta property=\"og:image:type\" content=\"image\/jpeg\" \/>\n<meta name=\"twitter:card\" content=\"summary_large_image\" \/>\n<meta name=\"twitter:label1\" content=\"Gesch\u00e4tzte Lesezeit\" \/>\n\t<meta name=\"twitter:data1\" content=\"2\u00a0Minuten\" \/>\n<script type=\"application\/ld+json\" class=\"yoast-schema-graph\">{\"@context\":\"https:\/\/schema.org\",\"@graph\":[{\"@type\":\"WebPage\",\"@id\":\"https:\/\/erotikmassagehaus.de\/?page_id=10\",\"url\":\"https:\/\/erotikmassagehaus.de\/?page_id=10\",\"name\":\"Verw\u00f6hnmassagen - Erotikmassagehaus\",\"isPartOf\":{\"@id\":\"https:\/\/erotikmassagehaus.de\/#website\"},\"primaryImageOfPage\":{\"@id\":\"https:\/\/erotikmassagehaus.de\/?page_id=10#primaryimage\"},\"image\":{\"@id\":\"https:\/\/erotikmassagehaus.de\/?page_id=10#primaryimage\"},\"thumbnailUrl\":\"http:\/\/erotikmassagehaus.de\/wp-content\/uploads\/2020\/07\/massage_01.jpg\",\"datePublished\":\"2017-07-12T09:33:36+00:00\",\"dateModified\":\"2025-09-01T07:29:39+00:00\",\"breadcrumb\":{\"@id\":\"https:\/\/erotikmassagehaus.de\/?page_id=10#breadcrumb\"},\"inLanguage\":\"de\",\"potentialAction\":[{\"@type\":\"ReadAction\",\"target\":[\"https:\/\/erotikmassagehaus.de\/?page_id=10\"]}]},{\"@type\":\"ImageObject\",\"inLanguage\":\"de\",\"@id\":\"https:\/\/erotikmassagehaus.de\/?page_id=10#primaryimage\",\"url\":\"https:\/\/erotikmassagehaus.de\/wp-content\/uploads\/2020\/07\/massage_01.jpg\",\"contentUrl\":\"https:\/\/erotikmassagehaus.de\/wp-content\/uploads\/2020\/07\/massage_01.jpg\",\"width\":248,\"height\":223},{\"@type\":\"BreadcrumbList\",\"@id\":\"https:\/\/erotikmassagehaus.de\/?page_id=10#breadcrumb\",\"itemListElement\":[{\"@type\":\"ListItem\",\"position\":1,\"name\":\"Startseite\",\"item\":\"https:\/\/erotikmassagehaus.de\/\"},{\"@type\":\"ListItem\",\"position\":2,\"name\":\"Verw\u00f6hnmassagen\"}]},{\"@type\":\"WebSite\",\"@id\":\"https:\/\/erotikmassagehaus.de\/#website\",\"url\":\"https:\/\/erotikmassagehaus.de\/\",\"name\":\"Erotikmassagehaus\",\"description\":\"Obernberg am Inn - Tel. +43 7758 26738\",\"publisher\":{\"@id\":\"https:\/\/erotikmassagehaus.de\/#organization\"},\"potentialAction\":[{\"@type\":\"SearchAction\",\"target\":{\"@type\":\"EntryPoint\",\"urlTemplate\":\"https:\/\/erotikmassagehaus.de\/?s={search_term_string}\"},\"query-input\":{\"@type\":\"PropertyValueSpecification\",\"valueRequired\":true,\"valueName\":\"search_term_string\"}}],\"inLanguage\":\"de\"},{\"@type\":\"Organization\",\"@id\":\"https:\/\/erotikmassagehaus.de\/#organization\",\"name\":\"Samtpf\u00f6tchen - Erotische Massagen und mehr\",\"url\":\"https:\/\/erotikmassagehaus.de\/\",\"logo\":{\"@type\":\"ImageObject\",\"inLanguage\":\"de\",\"@id\":\"https:\/\/erotikmassagehaus.de\/#\/schema\/logo\/image\/\",\"url\":\"https:\/\/erotikmassagehaus.de\/wp-content\/uploads\/2021\/10\/Firmenlogo_Samtpfoetchen.jpg\",\"contentUrl\":\"https:\/\/erotikmassagehaus.de\/wp-content\/uploads\/2021\/10\/Firmenlogo_Samtpfoetchen.jpg\",\"width\":1890,\"height\":945,\"caption\":\"Samtpf\u00f6tchen - Erotische Massagen und mehr\"},\"image\":{\"@id\":\"https:\/\/erotikmassagehaus.de\/#\/schema\/logo\/image\/\"}}]}<\/script>\n<!-- \/ Yoast SEO plugin. -->","yoast_head_json":{"title":"Verw\u00f6hnmassagen - Erotikmassagehaus","robots":{"index":"index","follow":"follow","max-snippet":"max-snippet:-1","max-image-preview":"max-image-preview:large","max-video-preview":"max-video-preview:-1"},"canonical":"https:\/\/erotikmassagehaus.de\/?page_id=10","og_locale":"de_DE","og_type":"article","og_title":"Verw\u00f6hnmassagen - Erotikmassagehaus","og_description":"G\u00f6nnen&nbsp;Sie&nbsp;sich den &#8222;Brillant&#8220; der besonderen Erlebnisse auf dem Erotikmassagemarkt! Eine &#8222;Erotische-Wellness-Verw\u00f6hnmassage&#8220; in freundlicher Atomsph\u00e4re bei aufgeschlossenen und zug\u00e4nglichen&nbsp;Masseusen.&nbsp;Auf&nbsp;Wunsch mit sexuellen Dienstleistungen! Eine &#8222;Erotische-Wellness-Verw\u00f6hnmassage&#8220; mit Handentspannung kostet bei ca. 20-30 Minuten 85,- \u20ac. Diese umfasst eine sanfte Massage bzw. Bestreichelung des K\u00f6rpers, auch der Geschlechtsteile. Haben Sie zus\u00e4tzliche W\u00fcnsche verhandeln Sie den Preis hierf\u00fcr mit ihrer &hellip; \u201eVerw\u00f6hnmassagen\u201c weiterlesen","og_url":"https:\/\/erotikmassagehaus.de\/?page_id=10","og_site_name":"Erotikmassagehaus","article_modified_time":"2025-09-01T07:29:39+00:00","og_image":[{"width":248,"height":223,"url":"https:\/\/erotikmassagehaus.de\/wp-content\/uploads\/2020\/07\/massage_01.jpg","type":"image\/jpeg"}],"twitter_card":"summary_large_image","twitter_misc":{"Gesch\u00e4tzte Lesezeit":"2\u00a0Minuten"},"schema":{"@context":"https:\/\/schema.org","@graph":[{"@type":"WebPage","@id":"https:\/\/erotikmassagehaus.de\/?page_id=10","url":"https:\/\/erotikmassagehaus.de\/?page_id=10","name":"Verw\u00f6hnmassagen - Erotikmassagehaus","isPartOf":{"@id":"https:\/\/erotikmassagehaus.de\/#website"},"primaryImageOfPage":{"@id":"https:\/\/erotikmassagehaus.de\/?page_id=10#primaryimage"},"image":{"@id":"https:\/\/erotikmassagehaus.de\/?page_id=10#primaryimage"},"thumbnailUrl":"http:\/\/erotikmassagehaus.de\/wp-content\/uploads\/2020\/07\/massage_01.jpg","datePublished":"2017-07-12T09:33:36+00:00","dateModified":"2025-09-01T07:29:39+00:00","breadcrumb":{"@id":"https:\/\/erotikmassagehaus.de\/?page_id=10#breadcrumb"},"inLanguage":"de","potentialAction":[{"@type":"ReadAction","target":["https:\/\/erotikmassagehaus.de\/?page_id=10"]}]},{"@type":"ImageObject","inLanguage":"de","@id":"https:\/\/erotikmassagehaus.de\/?page_id=10#primaryimage","url":"https:\/\/erotikmassagehaus.de\/wp-content\/uploads\/2020\/07\/massage_01.jpg","contentUrl":"https:\/\/erotikmassagehaus.de\/wp-content\/uploads\/2020\/07\/massage_01.jpg","width":248,"height":223},{"@type":"BreadcrumbList","@id":"https:\/\/erotikmassagehaus.de\/?page_id=10#breadcrumb","itemListElement":[{"@type":"ListItem","position":1,"name":"Startseite","item":"https:\/\/erotikmassagehaus.de\/"},{"@type":"ListItem","position":2,"name":"Verw\u00f6hnmassagen"}]},{"@type":"WebSite","@id":"https:\/\/erotikmassagehaus.de\/#website","url":"https:\/\/erotikmassagehaus.de\/","name":"Erotikmassagehaus","description":"Obernberg am Inn - Tel. +43 7758 26738","publisher":{"@id":"https:\/\/erotikmassagehaus.de\/#organization"},"potentialAction":[{"@type":"SearchAction","target":{"@type":"EntryPoint","urlTemplate":"https:\/\/erotikmassagehaus.de\/?s={search_term_string}"},"query-input":{"@type":"PropertyValueSpecification","valueRequired":true,"valueName":"search_term_string"}}],"inLanguage":"de"},{"@type":"Organization","@id":"https:\/\/erotikmassagehaus.de\/#organization","name":"Samtpf\u00f6tchen - Erotische Massagen und mehr","url":"https:\/\/erotikmassagehaus.de\/","logo":{"@type":"ImageObject","inLanguage":"de","@id":"https:\/\/erotikmassagehaus.de\/#\/schema\/logo\/image\/","url":"https:\/\/erotikmassagehaus.de\/wp-content\/uploads\/2021\/10\/Firmenlogo_Samtpfoetchen.jpg","contentUrl":"https:\/\/erotikmassagehaus.de\/wp-content\/uploads\/2021\/10\/Firmenlogo_Samtpfoetchen.jpg","width":1890,"height":945,"caption":"Samtpf\u00f6tchen - Erotische Massagen und mehr"},"image":{"@id":"https:\/\/erotikmassagehaus.de\/#\/schema\/logo\/image\/"}}]}},"_links":{"self":[{"href":"https:\/\/erotikmassagehaus.de\/index.php?rest_route=\/wp\/v2\/pages\/10","targetHints":{"allow":["GET"]}}],"collection":[{"href":"https:\/\/erotikmassagehaus.de\/index.php?rest_route=\/wp\/v2\/pages"}],"about":[{"href":"https:\/\/erotikmassagehaus.de\/index.php?rest_route=\/wp\/v2\/types\/page"}],"author":[{"embeddable":true,"href":"https:\/\/erotikmassagehaus.de\/index.php?rest_route=\/wp\/v2\/users\/1"}],"replies":[{"embeddable":true,"href":"https:\/\/erotikmassagehaus.de\/index.php?rest_route=%2Fwp%2Fv2%2Fcomments&post=10"}],"version-history":[{"count":19,"href":"https:\/\/erotikmassagehaus.de\/index.php?rest_route=\/wp\/v2\/pages\/10\/revisions"}],"predecessor-version":[{"id":3662,"href":"https:\/\/erotikmassagehaus.de\/index.php?rest_route=\/wp\/v2\/pages\/10\/revisions\/3662"}],"wp:attachment":[{"href":"https:\/\/erotikmassagehaus.de\/index.php?rest_route=%2Fwp%2Fv2%2Fmedia&parent=10"}],"curies":[{"name":"wp","href":"https:\/\/api.w.org\/{rel}","templated":true}]}}