{"id":11,"date":"2017-07-12T09:33:36","date_gmt":"2017-07-12T09:33:36","guid":{"rendered":"http:\/\/erotikmassagehaus.de\/?page_id=11"},"modified":"2021-09-30T18:40:12","modified_gmt":"2021-09-30T16:40:12","slug":"anreise","status":"publish","type":"page","link":"https:\/\/erotikmassagehaus.de\/?page_id=11","title":{"rendered":"Anreise"},"content":{"rendered":"\n<div class=\"wp-block-image is-style-default\"><figure class=\"aligncenter size-large is-resized\"><img loading=\"lazy\" decoding=\"async\" src=\"http:\/\/erotikmassagehaus.de\/wp-content\/uploads\/2020\/07\/auto_icon.png\" alt=\"\" class=\"wp-image-1955\" width=\"200\" height=\"200\" srcset=\"https:\/\/erotikmassagehaus.de\/wp-content\/uploads\/2020\/07\/auto_icon.png 512w, https:\/\/erotikmassagehaus.de\/wp-content\/uploads\/2020\/07\/auto_icon-300x300.png 300w, https:\/\/erotikmassagehaus.de\/wp-content\/uploads\/2020\/07\/auto_icon-150x150.png 150w, https:\/\/erotikmassagehaus.de\/wp-content\/uploads\/2020\/07\/auto_icon-100x100.png 100w\" sizes=\"auto, (max-width: 200px) 100vw, 200px\" \/><\/figure><\/div>\n\n\n<p><iframe loading=\"lazy\" style=\"border: 0;\" src=\"https:\/\/www.google.com\/maps\/embed?pb=!1m18!1m12!1m3!1d2653.1285550124267!2d13.325924115997303!3d48.3196094792385!2m3!1f0!2f0!3f0!3m2!1i1024!2i768!4f13.1!3m3!1m2!1s0x477446c4764289e1%3A0xf323a0272c58398e!2sSamtpf%C3%B6tchen!5e0!3m2!1sde!2sde!4v1499852257173\" allowfullscreen=\"allowfullscreen\" width=\"600\" height=\"450\" frameborder=\"0\"><\/iframe><br>Br\u00fcckenstra\u00dfe 2<br>A-4982 Obernberg am Inn<br>Tel. <a href=\"tel: +43 7758 26738\">0043 (0) 7758 26738<\/a><\/p>\n\n\n<hr class=\"wp-block-separator is-style-wide\"\/>\n\n\n\n<p class=\"has-text-align-center\">Unsere \u00d6ffnungszeiten: t\u00e4glich von 10.00 &#8211; 22.00 Uhr &#8211; auch Sonn- und Feiertag, Br\u00fcckenstra\u00dfe 2, 4982 Obernberg am Inn\/\u00d6sterreich<\/p>\n","protected":false},"excerpt":{"rendered":"<p>Br\u00fcckenstra\u00dfe 2A-4982 Obernberg am InnTel. 0043 (0) 7758 26738 Unsere \u00d6ffnungszeiten: t\u00e4glich von 10.00 &#8211; 22.00 Uhr &#8211; auch Sonn- und Feiertag, Br\u00fcckenstra\u00dfe 2, 4982 Obernberg am Inn\/\u00d6sterreich<\/p>\n","protected":false},"author":1,"featured_media":0,"parent":0,"menu_order":0,"comment_status":"closed","ping_status":"closed","template":"","meta":{"ngg_post_thumbnail":0,"footnotes":""},"class_list":["post-11","page","type-page","status-publish","hentry"],"yoast_head":"<!-- This site is optimized with the Yoast SEO plugin v27.2 - https:\/\/yoast.com\/product\/yoast-seo-wordpress\/ -->\n<title>Anreise - Erotikmassagehaus<\/title>\n<meta name=\"robots\" content=\"index, follow, max-snippet:-1, max-image-preview:large, max-video-preview:-1\" \/>\n<link rel=\"canonical\" href=\"https:\/\/erotikmassagehaus.de\/?page_id=11\" \/>\n<meta property=\"og:locale\" content=\"de_DE\" \/>\n<meta property=\"og:type\" content=\"article\" \/>\n<meta property=\"og:title\" content=\"Anreise - Erotikmassagehaus\" \/>\n<meta property=\"og:description\" content=\"Br\u00fcckenstra\u00dfe 2A-4982 Obernberg am InnTel. 0043 (0) 7758 26738 Unsere \u00d6ffnungszeiten: t\u00e4glich von 10.00 &#8211; 22.00 Uhr &#8211; auch Sonn- und Feiertag, Br\u00fcckenstra\u00dfe 2, 4982 Obernberg am Inn\/\u00d6sterreich\" \/>\n<meta property=\"og:url\" content=\"https:\/\/erotikmassagehaus.de\/?page_id=11\" \/>\n<meta property=\"og:site_name\" content=\"Erotikmassagehaus\" \/>\n<meta property=\"article:modified_time\" content=\"2021-09-30T16:40:12+00:00\" \/>\n<meta property=\"og:image\" content=\"http:\/\/erotikmassagehaus.de\/wp-content\/uploads\/2020\/07\/auto_icon.png\" \/>\n<meta name=\"twitter:card\" content=\"summary_large_image\" \/>\n<script type=\"application\/ld+json\" class=\"yoast-schema-graph\">{\"@context\":\"https:\/\/schema.org\",\"@graph\":[{\"@type\":\"WebPage\",\"@id\":\"https:\/\/erotikmassagehaus.de\/?page_id=11\",\"url\":\"https:\/\/erotikmassagehaus.de\/?page_id=11\",\"name\":\"Anreise - Erotikmassagehaus\",\"isPartOf\":{\"@id\":\"https:\/\/erotikmassagehaus.de\/#website\"},\"primaryImageOfPage\":{\"@id\":\"https:\/\/erotikmassagehaus.de\/?page_id=11#primaryimage\"},\"image\":{\"@id\":\"https:\/\/erotikmassagehaus.de\/?page_id=11#primaryimage\"},\"thumbnailUrl\":\"http:\/\/erotikmassagehaus.de\/wp-content\/uploads\/2020\/07\/auto_icon.png\",\"datePublished\":\"2017-07-12T09:33:36+00:00\",\"dateModified\":\"2021-09-30T16:40:12+00:00\",\"breadcrumb\":{\"@id\":\"https:\/\/erotikmassagehaus.de\/?page_id=11#breadcrumb\"},\"inLanguage\":\"de\",\"potentialAction\":[{\"@type\":\"ReadAction\",\"target\":[\"https:\/\/erotikmassagehaus.de\/?page_id=11\"]}]},{\"@type\":\"ImageObject\",\"inLanguage\":\"de\",\"@id\":\"https:\/\/erotikmassagehaus.de\/?page_id=11#primaryimage\",\"url\":\"https:\/\/erotikmassagehaus.de\/wp-content\/uploads\/2020\/07\/auto_icon.png\",\"contentUrl\":\"https:\/\/erotikmassagehaus.de\/wp-content\/uploads\/2020\/07\/auto_icon.png\",\"width\":512,\"height\":512},{\"@type\":\"BreadcrumbList\",\"@id\":\"https:\/\/erotikmassagehaus.de\/?page_id=11#breadcrumb\",\"itemListElement\":[{\"@type\":\"ListItem\",\"position\":1,\"name\":\"Startseite\",\"item\":\"https:\/\/erotikmassagehaus.de\/\"},{\"@type\":\"ListItem\",\"position\":2,\"name\":\"Anreise\"}]},{\"@type\":\"WebSite\",\"@id\":\"https:\/\/erotikmassagehaus.de\/#website\",\"url\":\"https:\/\/erotikmassagehaus.de\/\",\"name\":\"Erotikmassagehaus\",\"description\":\"Obernberg am Inn - Tel. +43 7758 26738\",\"publisher\":{\"@id\":\"https:\/\/erotikmassagehaus.de\/#organization\"},\"potentialAction\":[{\"@type\":\"SearchAction\",\"target\":{\"@type\":\"EntryPoint\",\"urlTemplate\":\"https:\/\/erotikmassagehaus.de\/?s={search_term_string}\"},\"query-input\":{\"@type\":\"PropertyValueSpecification\",\"valueRequired\":true,\"valueName\":\"search_term_string\"}}],\"inLanguage\":\"de\"},{\"@type\":\"Organization\",\"@id\":\"https:\/\/erotikmassagehaus.de\/#organization\",\"name\":\"Samtpf\u00f6tchen - Erotische Massagen und mehr\",\"url\":\"https:\/\/erotikmassagehaus.de\/\",\"logo\":{\"@type\":\"ImageObject\",\"inLanguage\":\"de\",\"@id\":\"https:\/\/erotikmassagehaus.de\/#\/schema\/logo\/image\/\",\"url\":\"https:\/\/erotikmassagehaus.de\/wp-content\/uploads\/2021\/10\/Firmenlogo_Samtpfoetchen.jpg\",\"contentUrl\":\"https:\/\/erotikmassagehaus.de\/wp-content\/uploads\/2021\/10\/Firmenlogo_Samtpfoetchen.jpg\",\"width\":1890,\"height\":945,\"caption\":\"Samtpf\u00f6tchen - Erotische Massagen und mehr\"},\"image\":{\"@id\":\"https:\/\/erotikmassagehaus.de\/#\/schema\/logo\/image\/\"}}]}<\/script>\n<!-- \/ Yoast SEO plugin. -->","yoast_head_json":{"title":"Anreise - Erotikmassagehaus","robots":{"index":"index","follow":"follow","max-snippet":"max-snippet:-1","max-image-preview":"max-image-preview:large","max-video-preview":"max-video-preview:-1"},"canonical":"https:\/\/erotikmassagehaus.de\/?page_id=11","og_locale":"de_DE","og_type":"article","og_title":"Anreise - Erotikmassagehaus","og_description":"Br\u00fcckenstra\u00dfe 2A-4982 Obernberg am InnTel. 0043 (0) 7758 26738 Unsere \u00d6ffnungszeiten: t\u00e4glich von 10.00 &#8211; 22.00 Uhr &#8211; auch Sonn- und Feiertag, Br\u00fcckenstra\u00dfe 2, 4982 Obernberg am Inn\/\u00d6sterreich","og_url":"https:\/\/erotikmassagehaus.de\/?page_id=11","og_site_name":"Erotikmassagehaus","article_modified_time":"2021-09-30T16:40:12+00:00","og_image":[{"url":"http:\/\/erotikmassagehaus.de\/wp-content\/uploads\/2020\/07\/auto_icon.png","type":"","width":"","height":""}],"twitter_card":"summary_large_image","schema":{"@context":"https:\/\/schema.org","@graph":[{"@type":"WebPage","@id":"https:\/\/erotikmassagehaus.de\/?page_id=11","url":"https:\/\/erotikmassagehaus.de\/?page_id=11","name":"Anreise - Erotikmassagehaus","isPartOf":{"@id":"https:\/\/erotikmassagehaus.de\/#website"},"primaryImageOfPage":{"@id":"https:\/\/erotikmassagehaus.de\/?page_id=11#primaryimage"},"image":{"@id":"https:\/\/erotikmassagehaus.de\/?page_id=11#primaryimage"},"thumbnailUrl":"http:\/\/erotikmassagehaus.de\/wp-content\/uploads\/2020\/07\/auto_icon.png","datePublished":"2017-07-12T09:33:36+00:00","dateModified":"2021-09-30T16:40:12+00:00","breadcrumb":{"@id":"https:\/\/erotikmassagehaus.de\/?page_id=11#breadcrumb"},"inLanguage":"de","potentialAction":[{"@type":"ReadAction","target":["https:\/\/erotikmassagehaus.de\/?page_id=11"]}]},{"@type":"ImageObject","inLanguage":"de","@id":"https:\/\/erotikmassagehaus.de\/?page_id=11#primaryimage","url":"https:\/\/erotikmassagehaus.de\/wp-content\/uploads\/2020\/07\/auto_icon.png","contentUrl":"https:\/\/erotikmassagehaus.de\/wp-content\/uploads\/2020\/07\/auto_icon.png","width":512,"height":512},{"@type":"BreadcrumbList","@id":"https:\/\/erotikmassagehaus.de\/?page_id=11#breadcrumb","itemListElement":[{"@type":"ListItem","position":1,"name":"Startseite","item":"https:\/\/erotikmassagehaus.de\/"},{"@type":"ListItem","position":2,"name":"Anreise"}]},{"@type":"WebSite","@id":"https:\/\/erotikmassagehaus.de\/#website","url":"https:\/\/erotikmassagehaus.de\/","name":"Erotikmassagehaus","description":"Obernberg am Inn - Tel. +43 7758 26738","publisher":{"@id":"https:\/\/erotikmassagehaus.de\/#organization"},"potentialAction":[{"@type":"SearchAction","target":{"@type":"EntryPoint","urlTemplate":"https:\/\/erotikmassagehaus.de\/?s={search_term_string}"},"query-input":{"@type":"PropertyValueSpecification","valueRequired":true,"valueName":"search_term_string"}}],"inLanguage":"de"},{"@type":"Organization","@id":"https:\/\/erotikmassagehaus.de\/#organization","name":"Samtpf\u00f6tchen - Erotische Massagen und mehr","url":"https:\/\/erotikmassagehaus.de\/","logo":{"@type":"ImageObject","inLanguage":"de","@id":"https:\/\/erotikmassagehaus.de\/#\/schema\/logo\/image\/","url":"https:\/\/erotikmassagehaus.de\/wp-content\/uploads\/2021\/10\/Firmenlogo_Samtpfoetchen.jpg","contentUrl":"https:\/\/erotikmassagehaus.de\/wp-content\/uploads\/2021\/10\/Firmenlogo_Samtpfoetchen.jpg","width":1890,"height":945,"caption":"Samtpf\u00f6tchen - Erotische Massagen und mehr"},"image":{"@id":"https:\/\/erotikmassagehaus.de\/#\/schema\/logo\/image\/"}}]}},"_links":{"self":[{"href":"https:\/\/erotikmassagehaus.de\/index.php?rest_route=\/wp\/v2\/pages\/11","targetHints":{"allow":["GET"]}}],"collection":[{"href":"https:\/\/erotikmassagehaus.de\/index.php?rest_route=\/wp\/v2\/pages"}],"about":[{"href":"https:\/\/erotikmassagehaus.de\/index.php?rest_route=\/wp\/v2\/types\/page"}],"author":[{"embeddable":true,"href":"https:\/\/erotikmassagehaus.de\/index.php?rest_route=\/wp\/v2\/users\/1"}],"replies":[{"embeddable":true,"href":"https:\/\/erotikmassagehaus.de\/index.php?rest_route=%2Fwp%2Fv2%2Fcomments&post=11"}],"version-history":[{"count":16,"href":"https:\/\/erotikmassagehaus.de\/index.php?rest_route=\/wp\/v2\/pages\/11\/revisions"}],"predecessor-version":[{"id":2307,"href":"https:\/\/erotikmassagehaus.de\/index.php?rest_route=\/wp\/v2\/pages\/11\/revisions\/2307"}],"wp:attachment":[{"href":"https:\/\/erotikmassagehaus.de\/index.php?rest_route=%2Fwp%2Fv2%2Fmedia&parent=11"}],"curies":[{"name":"wp","href":"https:\/\/api.w.org\/{rel}","templated":true}]}}