{"id":12,"date":"2017-07-12T09:33:36","date_gmt":"2017-07-12T09:33:36","guid":{"rendered":"http:\/\/erotikmassagehaus.de\/?page_id=12"},"modified":"2026-03-16T21:16:10","modified_gmt":"2026-03-16T20:16:10","slug":"bewerbunginfo","status":"publish","type":"page","link":"https:\/\/erotikmassagehaus.de\/?page_id=12","title":{"rendered":"Bewerbung\/Info"},"content":{"rendered":"<p style=\"text-align: center;\" align=\"justify\"><img loading=\"lazy\" decoding=\"async\" class=\"alignnone  wp-image-316\" src=\"http:\/\/erotikmassagehaus.de\/wp-content\/uploads\/2017\/07\/cat02-275x300.png\" alt=\"\" width=\"143\" height=\"156\" srcset=\"https:\/\/erotikmassagehaus.de\/wp-content\/uploads\/2017\/07\/cat02-275x300.png 275w, https:\/\/erotikmassagehaus.de\/wp-content\/uploads\/2017\/07\/cat02.png 282w\" sizes=\"auto, (max-width: 143px) 100vw, 143px\" \/><\/p>\n<p style=\"text-align: left;\" align=\"justify\"><span style=\"color: black; font-family: Tahoma;\">Das Erotikmassagehaus &#8222;<\/span><span style=\"color: black; font-family: Tahoma;\">Samtpf\u00f6tchen<\/span><span style=\"color: black; font-family: Tahoma;\">&#8220; befindet sich in Obernberg\/\u00d6ber\u00f6sterreich. Es liegt direkt an der deutsch-\u00f6sterreichen Grenze und ist lediglich 5km\/10 Min. von Bad F\u00fcssing bzw. 25km\/30 Min. von Passau entfernt.<\/span><\/p>\n<p style=\"text-align: left;\" align=\"justify\"><span style=\"color: black; font-family: Tahoma;\">Unser Haus wurde vor kurzem frisch renoviert um seinen G\u00e4sten eine optimale Atomsph\u00e4re zur Entspannung zu erm\u00f6glichen.<\/span><\/p>\n<p style=\"text-align: left;\" align=\"justify\"><span style=\"color: black; font-family: Tahoma;\">Das&nbsp;<\/span><span style=\"color: black; font-family: Tahoma;\">&#8222;Samtpf\u00f6tchen&#8220; ist ein diskretes und gepflegtes Wellness-Massage-Erotikhaus und&nbsp;hat&nbsp;t\u00e4glich von 10.00-22.00 Uhr&nbsp;f\u00fcr&nbsp;Sie&nbsp;ge\u00f6ffnet.<\/span><\/p>\n<p style=\"text-align: left;\" align=\"justify\"><span style=\"color: black; font-family: Tahoma;\">Diskretion und Sicherheit haben in unserem Haus h\u00f6chste Priorit\u00e4t.<\/span><\/p>\n<p style=\"text-align: left;\" align=\"justify\"><span style=\"color: black; font-family: Tahoma;\"><b>Bewerbung<\/b><\/span><\/p>\n<p style=\"text-align: left;\" align=\"justify\"><span style=\"color: black; font-family: Tahoma;\">Erotik-Verw\u00f6hnmassagen sind kreativ und lohnen sich durch den jobspezifischen Mehrverdienst.<\/span><\/p>\n<p style=\"text-align: left;\" align=\"justify\"><span style=\"color: black; font-family: Tahoma;\">Wir bieten einf\u00fchlsamen,&nbsp;zug\u00e4nglichen&nbsp;Damen&nbsp;bei uns die M\u00f6glichkeit&nbsp;sich nach \u00f6sterreichischem Gesetz <b>legal<\/b>,&nbsp;sozial zu sanieren. Anruf gen\u00fcgt.<\/span><\/p>\n<p style=\"text-align: left;\" align=\"justify\"><span style=\"color: black; font-family: Tahoma;\">Es kann zu jeder Zeit und ohne die Einhaltung von Fristen wieder aufgeh\u00f6rt werden.<\/span><\/p>\n<p style=\"text-align: left;\" align=\"justify\"><span style=\"color: black; font-family: Tahoma;\">Vorkenntnisse sind nicht erforderlich. Entsprechende Anleitungen werden angeboten! Die Erfahrungswerte der vor Ort arbeitenden Damen k\u00f6nnen ebenfalls zu Ihrer Orientierung&nbsp;weitergegeben werden.<\/span><\/p>\n<p style=\"text-align: left;\" align=\"justify\"><span style=\"color: black; font-family: Tahoma;\">Sie k\u00f6nnen Ihren Arbeitstag und die Arbeitszeiten weitgehend selbst bestimmen. Wir haben t\u00e4glich, auch an Sonn- und Feiertagen, von 10.00 &#8211; 22.00 Uhr ge\u00f6ffnet. Am Tag Ihrer Wahl k\u00f6nnen Sie Vollschicht von 10.00 &#8211; 22.00 Uhr oder Teilschicht von 10.00 &#8211; 16.00 Uhr bzw. von 16.00 &#8211; 22.00 Uhr arbeiten. F\u00fcr den Kunden soll sichergestellt sein, dass dieser unter mindestens vier Damen seine Behandlerin aussuchen kann. Da Sie auf selbstst\u00e4ndiger Basis arbeiten kassieren Sie vor oder nach Ihrer Leistung beim Kunden selbst und haben daher Ihr t\u00e4glich verdientes Geld, abz\u00fcglich der Raummiete von 35\u20ac pro Kunde an den Zimmervermieter und der Steuern, die an das f\u00fcr Sie zust\u00e4ndige Finanzamt abzuf\u00fchren sind, zu Ihrer Verf\u00fcgung. Die Miete betr\u00e4gt 35\u20ac pro Kunde unabh\u00e4ngig von der Behandlungszeit. Kein Kunde &#8211; keine Miete. Im Mietpreis f\u00fcr einen voll m\u00f6blierten Massageraum sind s\u00e4mtliche Betriebskosten, auch Liegenbez\u00fcge, Massage\u00f6l, Duschen usw. enthalten. F\u00fcr s\u00e4mtliche Leistungen die Sie anbieten und kassieren sind keine weiteren Abgaben an den Vermieter zu entrichten. Der Zimmervermieter ist Inhaber einer Bodellbewilligung, wodurch sexuelle Handlungen, auch Verkehr, im Haus erlaubt ist.<\/span><\/p>\n<p style=\"text-align: left;\" align=\"justify\"><span style=\"color: black; font-family: Tahoma;\">\u00dcber Ihre Perspektiven hinsichtlich Verdienst l\u00e4sst sich&nbsp;erst verbindlich Auskunft geben, wenn uns bekannt ist was Sie bieten und wie Sie sich f\u00fcr die Zufriedenheit der Kunden einsetzen. Ihr&nbsp;Verdienst bewegt sich zwischen&nbsp;3.000\u20ac und 10.000\u20ac monatlich, abh\u00e4ngig von ihrer Einsatzfreude und ihrem Angebot.<\/span><\/p>\n<p style=\"text-align: center;\" align=\"justify\"><b><span style=\"color: black; font-family: Tahoma;\">Tel. <\/span><a href=\"tel: +49 8531 22 915\"><span style=\"color: black; font-family: Tahoma;\">+49 (0)8531 22 915<\/span><\/a><\/b><\/p>\n<p style=\"text-align: center;\" align=\"justify\"><strong>E-mail: <a href=\"mailto:info@erotikmassagehaus.de\">info@erotikmassagehaus.de<\/a><\/strong><\/p>\n\n\n<hr class=\"wp-block-separator has-alpha-channel-opacity is-style-wide\"\/>\n\n\n\n<p class=\"has-text-align-center\">Unsere \u00d6ffnungszeiten: t\u00e4glich von 10.00 &#8211; 22.00 Uhr &#8211; auch Sonn- und Feiertag, Br\u00fcckenstra\u00dfe 2, 4982 Obernberg am Inn\/\u00d6sterreich<\/p>\n","protected":false},"excerpt":{"rendered":"<p>Das Erotikmassagehaus &#8222;Samtpf\u00f6tchen&#8220; befindet sich in Obernberg\/\u00d6ber\u00f6sterreich. Es liegt direkt an der deutsch-\u00f6sterreichen Grenze und ist lediglich 5km\/10 Min. von Bad F\u00fcssing bzw. 25km\/30 Min. von Passau entfernt. Unser Haus wurde vor kurzem frisch renoviert um seinen G\u00e4sten eine optimale Atomsph\u00e4re zur Entspannung zu erm\u00f6glichen. Das&nbsp;&#8222;Samtpf\u00f6tchen&#8220; ist ein diskretes und gepflegtes Wellness-Massage-Erotikhaus und&nbsp;hat&nbsp;t\u00e4glich von 10.00-22.00 &hellip; <\/p>\n<p class=\"link-more\"><a href=\"https:\/\/erotikmassagehaus.de\/?page_id=12\" class=\"more-link\"><span class=\"screen-reader-text\">\u201eBewerbung\/Info\u201c<\/span> weiterlesen<\/a><\/p>\n","protected":false},"author":1,"featured_media":0,"parent":0,"menu_order":0,"comment_status":"closed","ping_status":"closed","template":"","meta":{"ngg_post_thumbnail":0,"footnotes":""},"class_list":["post-12","page","type-page","status-publish","hentry"],"yoast_head":"<!-- This site is optimized with the Yoast SEO plugin v27.2 - https:\/\/yoast.com\/product\/yoast-seo-wordpress\/ -->\n<title>Bewerbung\/Info - Erotikmassagehaus<\/title>\n<meta name=\"robots\" content=\"index, follow, max-snippet:-1, max-image-preview:large, max-video-preview:-1\" \/>\n<link rel=\"canonical\" href=\"https:\/\/erotikmassagehaus.de\/?page_id=12\" \/>\n<meta property=\"og:locale\" content=\"de_DE\" \/>\n<meta property=\"og:type\" content=\"article\" \/>\n<meta property=\"og:title\" content=\"Bewerbung\/Info - Erotikmassagehaus\" \/>\n<meta property=\"og:description\" content=\"Das Erotikmassagehaus &#8222;Samtpf\u00f6tchen&#8220; befindet sich in Obernberg\/\u00d6ber\u00f6sterreich. Es liegt direkt an der deutsch-\u00f6sterreichen Grenze und ist lediglich 5km\/10 Min. von Bad F\u00fcssing bzw. 25km\/30 Min. von Passau entfernt. Unser Haus wurde vor kurzem frisch renoviert um seinen G\u00e4sten eine optimale Atomsph\u00e4re zur Entspannung zu erm\u00f6glichen. Das&nbsp;&#8222;Samtpf\u00f6tchen&#8220; ist ein diskretes und gepflegtes Wellness-Massage-Erotikhaus und&nbsp;hat&nbsp;t\u00e4glich von 10.00-22.00 &hellip; \u201eBewerbung\/Info\u201c weiterlesen\" \/>\n<meta property=\"og:url\" content=\"https:\/\/erotikmassagehaus.de\/?page_id=12\" \/>\n<meta property=\"og:site_name\" content=\"Erotikmassagehaus\" \/>\n<meta property=\"article:modified_time\" content=\"2026-03-16T20:16:10+00:00\" \/>\n<meta property=\"og:image\" content=\"https:\/\/erotikmassagehaus.de\/wp-content\/uploads\/2017\/07\/cat02.png\" \/>\n\t<meta property=\"og:image:width\" content=\"282\" \/>\n\t<meta property=\"og:image:height\" content=\"308\" \/>\n\t<meta property=\"og:image:type\" content=\"image\/png\" \/>\n<meta name=\"twitter:card\" content=\"summary_large_image\" \/>\n<meta name=\"twitter:label1\" content=\"Gesch\u00e4tzte Lesezeit\" \/>\n\t<meta name=\"twitter:data1\" content=\"3\u00a0Minuten\" \/>\n<script type=\"application\/ld+json\" class=\"yoast-schema-graph\">{\"@context\":\"https:\/\/schema.org\",\"@graph\":[{\"@type\":\"WebPage\",\"@id\":\"https:\/\/erotikmassagehaus.de\/?page_id=12\",\"url\":\"https:\/\/erotikmassagehaus.de\/?page_id=12\",\"name\":\"Bewerbung\/Info - Erotikmassagehaus\",\"isPartOf\":{\"@id\":\"https:\/\/erotikmassagehaus.de\/#website\"},\"primaryImageOfPage\":{\"@id\":\"https:\/\/erotikmassagehaus.de\/?page_id=12#primaryimage\"},\"image\":{\"@id\":\"https:\/\/erotikmassagehaus.de\/?page_id=12#primaryimage\"},\"thumbnailUrl\":\"http:\/\/erotikmassagehaus.de\/wp-content\/uploads\/2017\/07\/cat02-275x300.png\",\"datePublished\":\"2017-07-12T09:33:36+00:00\",\"dateModified\":\"2026-03-16T20:16:10+00:00\",\"breadcrumb\":{\"@id\":\"https:\/\/erotikmassagehaus.de\/?page_id=12#breadcrumb\"},\"inLanguage\":\"de\",\"potentialAction\":[{\"@type\":\"ReadAction\",\"target\":[\"https:\/\/erotikmassagehaus.de\/?page_id=12\"]}]},{\"@type\":\"ImageObject\",\"inLanguage\":\"de\",\"@id\":\"https:\/\/erotikmassagehaus.de\/?page_id=12#primaryimage\",\"url\":\"https:\/\/erotikmassagehaus.de\/wp-content\/uploads\/2017\/07\/cat02.png\",\"contentUrl\":\"https:\/\/erotikmassagehaus.de\/wp-content\/uploads\/2017\/07\/cat02.png\",\"width\":282,\"height\":308},{\"@type\":\"BreadcrumbList\",\"@id\":\"https:\/\/erotikmassagehaus.de\/?page_id=12#breadcrumb\",\"itemListElement\":[{\"@type\":\"ListItem\",\"position\":1,\"name\":\"Startseite\",\"item\":\"https:\/\/erotikmassagehaus.de\/\"},{\"@type\":\"ListItem\",\"position\":2,\"name\":\"Bewerbung\/Info\"}]},{\"@type\":\"WebSite\",\"@id\":\"https:\/\/erotikmassagehaus.de\/#website\",\"url\":\"https:\/\/erotikmassagehaus.de\/\",\"name\":\"Erotikmassagehaus\",\"description\":\"Obernberg am Inn - Tel. +43 7758 26738\",\"publisher\":{\"@id\":\"https:\/\/erotikmassagehaus.de\/#organization\"},\"potentialAction\":[{\"@type\":\"SearchAction\",\"target\":{\"@type\":\"EntryPoint\",\"urlTemplate\":\"https:\/\/erotikmassagehaus.de\/?s={search_term_string}\"},\"query-input\":{\"@type\":\"PropertyValueSpecification\",\"valueRequired\":true,\"valueName\":\"search_term_string\"}}],\"inLanguage\":\"de\"},{\"@type\":\"Organization\",\"@id\":\"https:\/\/erotikmassagehaus.de\/#organization\",\"name\":\"Samtpf\u00f6tchen - Erotische Massagen und mehr\",\"url\":\"https:\/\/erotikmassagehaus.de\/\",\"logo\":{\"@type\":\"ImageObject\",\"inLanguage\":\"de\",\"@id\":\"https:\/\/erotikmassagehaus.de\/#\/schema\/logo\/image\/\",\"url\":\"https:\/\/erotikmassagehaus.de\/wp-content\/uploads\/2021\/10\/Firmenlogo_Samtpfoetchen.jpg\",\"contentUrl\":\"https:\/\/erotikmassagehaus.de\/wp-content\/uploads\/2021\/10\/Firmenlogo_Samtpfoetchen.jpg\",\"width\":1890,\"height\":945,\"caption\":\"Samtpf\u00f6tchen - Erotische Massagen und mehr\"},\"image\":{\"@id\":\"https:\/\/erotikmassagehaus.de\/#\/schema\/logo\/image\/\"}}]}<\/script>\n<!-- \/ Yoast SEO plugin. -->","yoast_head_json":{"title":"Bewerbung\/Info - Erotikmassagehaus","robots":{"index":"index","follow":"follow","max-snippet":"max-snippet:-1","max-image-preview":"max-image-preview:large","max-video-preview":"max-video-preview:-1"},"canonical":"https:\/\/erotikmassagehaus.de\/?page_id=12","og_locale":"de_DE","og_type":"article","og_title":"Bewerbung\/Info - Erotikmassagehaus","og_description":"Das Erotikmassagehaus &#8222;Samtpf\u00f6tchen&#8220; befindet sich in Obernberg\/\u00d6ber\u00f6sterreich. Es liegt direkt an der deutsch-\u00f6sterreichen Grenze und ist lediglich 5km\/10 Min. von Bad F\u00fcssing bzw. 25km\/30 Min. von Passau entfernt. Unser Haus wurde vor kurzem frisch renoviert um seinen G\u00e4sten eine optimale Atomsph\u00e4re zur Entspannung zu erm\u00f6glichen. Das&nbsp;&#8222;Samtpf\u00f6tchen&#8220; ist ein diskretes und gepflegtes Wellness-Massage-Erotikhaus und&nbsp;hat&nbsp;t\u00e4glich von 10.00-22.00 &hellip; \u201eBewerbung\/Info\u201c weiterlesen","og_url":"https:\/\/erotikmassagehaus.de\/?page_id=12","og_site_name":"Erotikmassagehaus","article_modified_time":"2026-03-16T20:16:10+00:00","og_image":[{"width":282,"height":308,"url":"https:\/\/erotikmassagehaus.de\/wp-content\/uploads\/2017\/07\/cat02.png","type":"image\/png"}],"twitter_card":"summary_large_image","twitter_misc":{"Gesch\u00e4tzte Lesezeit":"3\u00a0Minuten"},"schema":{"@context":"https:\/\/schema.org","@graph":[{"@type":"WebPage","@id":"https:\/\/erotikmassagehaus.de\/?page_id=12","url":"https:\/\/erotikmassagehaus.de\/?page_id=12","name":"Bewerbung\/Info - Erotikmassagehaus","isPartOf":{"@id":"https:\/\/erotikmassagehaus.de\/#website"},"primaryImageOfPage":{"@id":"https:\/\/erotikmassagehaus.de\/?page_id=12#primaryimage"},"image":{"@id":"https:\/\/erotikmassagehaus.de\/?page_id=12#primaryimage"},"thumbnailUrl":"http:\/\/erotikmassagehaus.de\/wp-content\/uploads\/2017\/07\/cat02-275x300.png","datePublished":"2017-07-12T09:33:36+00:00","dateModified":"2026-03-16T20:16:10+00:00","breadcrumb":{"@id":"https:\/\/erotikmassagehaus.de\/?page_id=12#breadcrumb"},"inLanguage":"de","potentialAction":[{"@type":"ReadAction","target":["https:\/\/erotikmassagehaus.de\/?page_id=12"]}]},{"@type":"ImageObject","inLanguage":"de","@id":"https:\/\/erotikmassagehaus.de\/?page_id=12#primaryimage","url":"https:\/\/erotikmassagehaus.de\/wp-content\/uploads\/2017\/07\/cat02.png","contentUrl":"https:\/\/erotikmassagehaus.de\/wp-content\/uploads\/2017\/07\/cat02.png","width":282,"height":308},{"@type":"BreadcrumbList","@id":"https:\/\/erotikmassagehaus.de\/?page_id=12#breadcrumb","itemListElement":[{"@type":"ListItem","position":1,"name":"Startseite","item":"https:\/\/erotikmassagehaus.de\/"},{"@type":"ListItem","position":2,"name":"Bewerbung\/Info"}]},{"@type":"WebSite","@id":"https:\/\/erotikmassagehaus.de\/#website","url":"https:\/\/erotikmassagehaus.de\/","name":"Erotikmassagehaus","description":"Obernberg am Inn - Tel. +43 7758 26738","publisher":{"@id":"https:\/\/erotikmassagehaus.de\/#organization"},"potentialAction":[{"@type":"SearchAction","target":{"@type":"EntryPoint","urlTemplate":"https:\/\/erotikmassagehaus.de\/?s={search_term_string}"},"query-input":{"@type":"PropertyValueSpecification","valueRequired":true,"valueName":"search_term_string"}}],"inLanguage":"de"},{"@type":"Organization","@id":"https:\/\/erotikmassagehaus.de\/#organization","name":"Samtpf\u00f6tchen - Erotische Massagen und mehr","url":"https:\/\/erotikmassagehaus.de\/","logo":{"@type":"ImageObject","inLanguage":"de","@id":"https:\/\/erotikmassagehaus.de\/#\/schema\/logo\/image\/","url":"https:\/\/erotikmassagehaus.de\/wp-content\/uploads\/2021\/10\/Firmenlogo_Samtpfoetchen.jpg","contentUrl":"https:\/\/erotikmassagehaus.de\/wp-content\/uploads\/2021\/10\/Firmenlogo_Samtpfoetchen.jpg","width":1890,"height":945,"caption":"Samtpf\u00f6tchen - Erotische Massagen und mehr"},"image":{"@id":"https:\/\/erotikmassagehaus.de\/#\/schema\/logo\/image\/"}}]}},"_links":{"self":[{"href":"https:\/\/erotikmassagehaus.de\/index.php?rest_route=\/wp\/v2\/pages\/12","targetHints":{"allow":["GET"]}}],"collection":[{"href":"https:\/\/erotikmassagehaus.de\/index.php?rest_route=\/wp\/v2\/pages"}],"about":[{"href":"https:\/\/erotikmassagehaus.de\/index.php?rest_route=\/wp\/v2\/types\/page"}],"author":[{"embeddable":true,"href":"https:\/\/erotikmassagehaus.de\/index.php?rest_route=\/wp\/v2\/users\/1"}],"replies":[{"embeddable":true,"href":"https:\/\/erotikmassagehaus.de\/index.php?rest_route=%2Fwp%2Fv2%2Fcomments&post=12"}],"version-history":[{"count":21,"href":"https:\/\/erotikmassagehaus.de\/index.php?rest_route=\/wp\/v2\/pages\/12\/revisions"}],"predecessor-version":[{"id":3171,"href":"https:\/\/erotikmassagehaus.de\/index.php?rest_route=\/wp\/v2\/pages\/12\/revisions\/3171"}],"wp:attachment":[{"href":"https:\/\/erotikmassagehaus.de\/index.php?rest_route=%2Fwp%2Fv2%2Fmedia&parent=12"}],"curies":[{"name":"wp","href":"https:\/\/api.w.org\/{rel}","templated":true}]}}