{"id":137,"date":"2017-07-12T15:11:49","date_gmt":"2017-07-12T13:11:49","guid":{"rendered":"http:\/\/erotikmassagehaus.de\/?page_id=137"},"modified":"2026-04-19T20:38:07","modified_gmt":"2026-04-19T18:38:07","slug":"sandra","status":"publish","type":"page","link":"https:\/\/erotikmassagehaus.de\/?page_id=137","title":{"rendered":"*** Sandra ***"},"content":{"rendered":"\n<p>Hallo, ich bin Sandra, 39 Jahre alt, blond und \u00d6sterreicherin. Man sagt, dass ich bildsch\u00f6n und schlank bin und eine m\u00e4dchenhafte Figur habe. Dazu habe ich eine gute Hand voll straffe, sch\u00f6ne nat\u00fcrliche Br\u00fcste.<\/p>\n\n\n\n<p>Ich biete zum Preis von 80 Euro eine gef\u00fchlvoll zelebrierte erotische Streichelmassage mit Handentspannung, gerne auch in Dessous oder oben ohne, oder zum gleichen Preis einen Quickie! Auf Wunsch und gegen einen kleinen Aufpreis ist auch die Erotikmassage mit Sex in verschiedenen Stellungen, Blasen, Prostatamassage, Body-zu-Body usw. m\u00f6glich. Alles mit Kondom selbstverst\u00e4ndlich.<\/p>\n\n\n\n<p>Bis bald, ich w\u00fcrde mich sehr freuen von Ihnen und ihren W\u00fcnschen und Vorstellungen zu h\u00f6ren!<\/p>\n\n\n\nngg_shortcode_0_placeholder\n\n\n\n<hr class=\"wp-block-separator has-css-opacity is-style-wide\"\/>\n\n\n\n<p class=\"has-text-align-center\">Unsere \u00d6ffnungszeiten: t\u00e4glich von 10.00 &#8211; 22.00 Uhr &#8211; auch Sonn- und Feiertag, Br\u00fcckenstra\u00dfe 2, 4982 Obernberg am Inn\/\u00d6sterreich<\/p>\n","protected":false},"excerpt":{"rendered":"<p>Hallo, ich bin Sandra, 39 Jahre alt, blond und \u00d6sterreicherin. Man sagt, dass ich bildsch\u00f6n und schlank bin und eine m\u00e4dchenhafte Figur habe. Dazu habe ich eine gute Hand voll straffe, sch\u00f6ne nat\u00fcrliche Br\u00fcste. Ich biete zum Preis von 80 Euro eine gef\u00fchlvoll zelebrierte erotische Streichelmassage mit Handentspannung, gerne auch in Dessous oder oben ohne, &hellip; <\/p>\n<p class=\"link-more\"><a href=\"https:\/\/erotikmassagehaus.de\/?page_id=137\" class=\"more-link\"><span class=\"screen-reader-text\">\u201e*** Sandra ***\u201c<\/span> weiterlesen<\/a><\/p>\n","protected":false},"author":1,"featured_media":0,"parent":0,"menu_order":0,"comment_status":"closed","ping_status":"closed","template":"","meta":{"ngg_post_thumbnail":0,"footnotes":""},"class_list":["post-137","page","type-page","status-publish","hentry"],"yoast_head":"<!-- This site is optimized with the Yoast SEO plugin v27.2 - https:\/\/yoast.com\/product\/yoast-seo-wordpress\/ -->\n<title>*** Sandra *** - Erotikmassagehaus<\/title>\n<meta name=\"robots\" content=\"index, follow, max-snippet:-1, max-image-preview:large, max-video-preview:-1\" \/>\n<link rel=\"canonical\" href=\"https:\/\/erotikmassagehaus.de\/?page_id=137\" \/>\n<meta property=\"og:locale\" content=\"de_DE\" \/>\n<meta property=\"og:type\" content=\"article\" \/>\n<meta property=\"og:title\" content=\"*** Sandra *** - Erotikmassagehaus\" \/>\n<meta property=\"og:description\" content=\"Hallo, ich bin Sandra, 39 Jahre alt, blond und \u00d6sterreicherin. Man sagt, dass ich bildsch\u00f6n und schlank bin und eine m\u00e4dchenhafte Figur habe. Dazu habe ich eine gute Hand voll straffe, sch\u00f6ne nat\u00fcrliche Br\u00fcste. Ich biete zum Preis von 80 Euro eine gef\u00fchlvoll zelebrierte erotische Streichelmassage mit Handentspannung, gerne auch in Dessous oder oben ohne, &hellip; \u201e*** Sandra ***\u201c weiterlesen\" \/>\n<meta property=\"og:url\" content=\"https:\/\/erotikmassagehaus.de\/?page_id=137\" \/>\n<meta property=\"og:site_name\" content=\"Erotikmassagehaus\" \/>\n<meta property=\"article:modified_time\" content=\"2026-04-19T18:38:07+00:00\" \/>\n<meta name=\"twitter:card\" content=\"summary_large_image\" \/>\n<meta name=\"twitter:label1\" content=\"Gesch\u00e4tzte Lesezeit\" \/>\n\t<meta name=\"twitter:data1\" content=\"1\u00a0Minute\" \/>\n<script type=\"application\/ld+json\" class=\"yoast-schema-graph\">{\"@context\":\"https:\/\/schema.org\",\"@graph\":[{\"@type\":\"WebPage\",\"@id\":\"https:\/\/erotikmassagehaus.de\/?page_id=137\",\"url\":\"https:\/\/erotikmassagehaus.de\/?page_id=137\",\"name\":\"*** Sandra *** - Erotikmassagehaus\",\"isPartOf\":{\"@id\":\"https:\/\/erotikmassagehaus.de\/#website\"},\"datePublished\":\"2017-07-12T13:11:49+00:00\",\"dateModified\":\"2026-04-19T18:38:07+00:00\",\"breadcrumb\":{\"@id\":\"https:\/\/erotikmassagehaus.de\/?page_id=137#breadcrumb\"},\"inLanguage\":\"de\",\"potentialAction\":[{\"@type\":\"ReadAction\",\"target\":[\"https:\/\/erotikmassagehaus.de\/?page_id=137\"]}]},{\"@type\":\"BreadcrumbList\",\"@id\":\"https:\/\/erotikmassagehaus.de\/?page_id=137#breadcrumb\",\"itemListElement\":[{\"@type\":\"ListItem\",\"position\":1,\"name\":\"Startseite\",\"item\":\"https:\/\/erotikmassagehaus.de\/\"},{\"@type\":\"ListItem\",\"position\":2,\"name\":\"*** Sandra ***\"}]},{\"@type\":\"WebSite\",\"@id\":\"https:\/\/erotikmassagehaus.de\/#website\",\"url\":\"https:\/\/erotikmassagehaus.de\/\",\"name\":\"Erotikmassagehaus\",\"description\":\"Obernberg am Inn - Tel. +43 7758 26738\",\"publisher\":{\"@id\":\"https:\/\/erotikmassagehaus.de\/#organization\"},\"potentialAction\":[{\"@type\":\"SearchAction\",\"target\":{\"@type\":\"EntryPoint\",\"urlTemplate\":\"https:\/\/erotikmassagehaus.de\/?s={search_term_string}\"},\"query-input\":{\"@type\":\"PropertyValueSpecification\",\"valueRequired\":true,\"valueName\":\"search_term_string\"}}],\"inLanguage\":\"de\"},{\"@type\":\"Organization\",\"@id\":\"https:\/\/erotikmassagehaus.de\/#organization\",\"name\":\"Samtpf\u00f6tchen - Erotische Massagen und mehr\",\"url\":\"https:\/\/erotikmassagehaus.de\/\",\"logo\":{\"@type\":\"ImageObject\",\"inLanguage\":\"de\",\"@id\":\"https:\/\/erotikmassagehaus.de\/#\/schema\/logo\/image\/\",\"url\":\"https:\/\/erotikmassagehaus.de\/wp-content\/uploads\/2021\/10\/Firmenlogo_Samtpfoetchen.jpg\",\"contentUrl\":\"https:\/\/erotikmassagehaus.de\/wp-content\/uploads\/2021\/10\/Firmenlogo_Samtpfoetchen.jpg\",\"width\":1890,\"height\":945,\"caption\":\"Samtpf\u00f6tchen - Erotische Massagen und mehr\"},\"image\":{\"@id\":\"https:\/\/erotikmassagehaus.de\/#\/schema\/logo\/image\/\"}}]}<\/script>\n<!-- \/ Yoast SEO plugin. -->","yoast_head_json":{"title":"*** Sandra *** - Erotikmassagehaus","robots":{"index":"index","follow":"follow","max-snippet":"max-snippet:-1","max-image-preview":"max-image-preview:large","max-video-preview":"max-video-preview:-1"},"canonical":"https:\/\/erotikmassagehaus.de\/?page_id=137","og_locale":"de_DE","og_type":"article","og_title":"*** Sandra *** - Erotikmassagehaus","og_description":"Hallo, ich bin Sandra, 39 Jahre alt, blond und \u00d6sterreicherin. Man sagt, dass ich bildsch\u00f6n und schlank bin und eine m\u00e4dchenhafte Figur habe. Dazu habe ich eine gute Hand voll straffe, sch\u00f6ne nat\u00fcrliche Br\u00fcste. Ich biete zum Preis von 80 Euro eine gef\u00fchlvoll zelebrierte erotische Streichelmassage mit Handentspannung, gerne auch in Dessous oder oben ohne, &hellip; \u201e*** Sandra ***\u201c weiterlesen","og_url":"https:\/\/erotikmassagehaus.de\/?page_id=137","og_site_name":"Erotikmassagehaus","article_modified_time":"2026-04-19T18:38:07+00:00","twitter_card":"summary_large_image","twitter_misc":{"Gesch\u00e4tzte Lesezeit":"1\u00a0Minute"},"schema":{"@context":"https:\/\/schema.org","@graph":[{"@type":"WebPage","@id":"https:\/\/erotikmassagehaus.de\/?page_id=137","url":"https:\/\/erotikmassagehaus.de\/?page_id=137","name":"*** Sandra *** - Erotikmassagehaus","isPartOf":{"@id":"https:\/\/erotikmassagehaus.de\/#website"},"datePublished":"2017-07-12T13:11:49+00:00","dateModified":"2026-04-19T18:38:07+00:00","breadcrumb":{"@id":"https:\/\/erotikmassagehaus.de\/?page_id=137#breadcrumb"},"inLanguage":"de","potentialAction":[{"@type":"ReadAction","target":["https:\/\/erotikmassagehaus.de\/?page_id=137"]}]},{"@type":"BreadcrumbList","@id":"https:\/\/erotikmassagehaus.de\/?page_id=137#breadcrumb","itemListElement":[{"@type":"ListItem","position":1,"name":"Startseite","item":"https:\/\/erotikmassagehaus.de\/"},{"@type":"ListItem","position":2,"name":"*** Sandra ***"}]},{"@type":"WebSite","@id":"https:\/\/erotikmassagehaus.de\/#website","url":"https:\/\/erotikmassagehaus.de\/","name":"Erotikmassagehaus","description":"Obernberg am Inn - Tel. +43 7758 26738","publisher":{"@id":"https:\/\/erotikmassagehaus.de\/#organization"},"potentialAction":[{"@type":"SearchAction","target":{"@type":"EntryPoint","urlTemplate":"https:\/\/erotikmassagehaus.de\/?s={search_term_string}"},"query-input":{"@type":"PropertyValueSpecification","valueRequired":true,"valueName":"search_term_string"}}],"inLanguage":"de"},{"@type":"Organization","@id":"https:\/\/erotikmassagehaus.de\/#organization","name":"Samtpf\u00f6tchen - Erotische Massagen und mehr","url":"https:\/\/erotikmassagehaus.de\/","logo":{"@type":"ImageObject","inLanguage":"de","@id":"https:\/\/erotikmassagehaus.de\/#\/schema\/logo\/image\/","url":"https:\/\/erotikmassagehaus.de\/wp-content\/uploads\/2021\/10\/Firmenlogo_Samtpfoetchen.jpg","contentUrl":"https:\/\/erotikmassagehaus.de\/wp-content\/uploads\/2021\/10\/Firmenlogo_Samtpfoetchen.jpg","width":1890,"height":945,"caption":"Samtpf\u00f6tchen - Erotische Massagen und mehr"},"image":{"@id":"https:\/\/erotikmassagehaus.de\/#\/schema\/logo\/image\/"}}]}},"_links":{"self":[{"href":"https:\/\/erotikmassagehaus.de\/index.php?rest_route=\/wp\/v2\/pages\/137","targetHints":{"allow":["GET"]}}],"collection":[{"href":"https:\/\/erotikmassagehaus.de\/index.php?rest_route=\/wp\/v2\/pages"}],"about":[{"href":"https:\/\/erotikmassagehaus.de\/index.php?rest_route=\/wp\/v2\/types\/page"}],"author":[{"embeddable":true,"href":"https:\/\/erotikmassagehaus.de\/index.php?rest_route=\/wp\/v2\/users\/1"}],"replies":[{"embeddable":true,"href":"https:\/\/erotikmassagehaus.de\/index.php?rest_route=%2Fwp%2Fv2%2Fcomments&post=137"}],"version-history":[{"count":52,"href":"https:\/\/erotikmassagehaus.de\/index.php?rest_route=\/wp\/v2\/pages\/137\/revisions"}],"predecessor-version":[{"id":3935,"href":"https:\/\/erotikmassagehaus.de\/index.php?rest_route=\/wp\/v2\/pages\/137\/revisions\/3935"}],"wp:attachment":[{"href":"https:\/\/erotikmassagehaus.de\/index.php?rest_route=%2Fwp%2Fv2%2Fmedia&parent=137"}],"curies":[{"name":"wp","href":"https:\/\/api.w.org\/{rel}","templated":true}]}}