{"id":1565,"date":"2019-05-15T20:28:43","date_gmt":"2019-05-15T18:28:43","guid":{"rendered":"http:\/\/erotikmassagehaus.de\/?page_id=1565"},"modified":"2026-04-19T20:37:17","modified_gmt":"2026-04-19T18:37:17","slug":"luna-neu-perle-aus-kuba-sehr-devot","status":"publish","type":"page","link":"https:\/\/erotikmassagehaus.de\/?page_id=1565","title":{"rendered":"*** Luna ***"},"content":{"rendered":"\n<p>Ich bin Luna, 37, eine h\u00fcbsche Kubanerin mit sexy prallen Kurven und \u00fcppigem Naturbusen. Ich spreche gut verst\u00e4ndliches Deutsch, bin anschmiegsam, devot und erf\u00fclle fast alle W\u00fcnsche!<\/p>\n\n\n\n<p>Ich biete zum Preis von 80 Euro eine hingebungsvolle und liebevoll ausgef\u00fchrte Erotische-Verw\u00f6hnmassage mit Handentspannung, oder zum gleichen Preis einen Quickie! Auf Wunsch und gegen einen kleinen Aufpreis, den wir vor Ort aushandeln, erf\u00fclle ich nahezu alle Ihre sexuellen Vorstellungen! Ich freue mich auf unser Abenteuer, rufen Sie an!<\/p>\n\n\n\nngg_shortcode_0_placeholder\n\n\n\n<p><\/p>\n\n\n\n<hr class=\"wp-block-separator has-css-opacity is-style-wide\"\/>\n\n\n\n<p class=\"has-text-align-center\">Unsere \u00d6ffnungszeiten: t\u00e4glich von 10.00 &#8211; 22.00 Uhr &#8211; auch Sonn- und Feiertag, Br\u00fcckenstra\u00dfe 2, 4982 Obernberg am Inn\/\u00d6sterreich<\/p>\n","protected":false},"excerpt":{"rendered":"<p>Ich bin Luna, 37, eine h\u00fcbsche Kubanerin mit sexy prallen Kurven und \u00fcppigem Naturbusen. Ich spreche gut verst\u00e4ndliches Deutsch, bin anschmiegsam, devot und erf\u00fclle fast alle W\u00fcnsche! Ich biete zum Preis von 80 Euro eine hingebungsvolle und liebevoll ausgef\u00fchrte Erotische-Verw\u00f6hnmassage mit Handentspannung, oder zum gleichen Preis einen Quickie! Auf Wunsch und gegen einen kleinen Aufpreis, &hellip; <\/p>\n<p class=\"link-more\"><a href=\"https:\/\/erotikmassagehaus.de\/?page_id=1565\" class=\"more-link\"><span class=\"screen-reader-text\">\u201e*** Luna ***\u201c<\/span> weiterlesen<\/a><\/p>\n","protected":false},"author":1,"featured_media":0,"parent":0,"menu_order":0,"comment_status":"closed","ping_status":"closed","template":"","meta":{"ngg_post_thumbnail":0,"footnotes":""},"class_list":["post-1565","page","type-page","status-publish","hentry"],"yoast_head":"<!-- This site is optimized with the Yoast SEO plugin v27.2 - https:\/\/yoast.com\/product\/yoast-seo-wordpress\/ -->\n<title>*** Luna *** - Erotikmassagehaus<\/title>\n<meta name=\"robots\" content=\"index, follow, max-snippet:-1, max-image-preview:large, max-video-preview:-1\" \/>\n<link rel=\"canonical\" href=\"https:\/\/erotikmassagehaus.de\/?page_id=1565\" \/>\n<meta property=\"og:locale\" content=\"de_DE\" \/>\n<meta property=\"og:type\" content=\"article\" \/>\n<meta property=\"og:title\" content=\"*** Luna *** - Erotikmassagehaus\" \/>\n<meta property=\"og:description\" content=\"Ich bin Luna, 37, eine h\u00fcbsche Kubanerin mit sexy prallen Kurven und \u00fcppigem Naturbusen. Ich spreche gut verst\u00e4ndliches Deutsch, bin anschmiegsam, devot und erf\u00fclle fast alle W\u00fcnsche! Ich biete zum Preis von 80 Euro eine hingebungsvolle und liebevoll ausgef\u00fchrte Erotische-Verw\u00f6hnmassage mit Handentspannung, oder zum gleichen Preis einen Quickie! Auf Wunsch und gegen einen kleinen Aufpreis, &hellip; \u201e*** Luna ***\u201c weiterlesen\" \/>\n<meta property=\"og:url\" content=\"https:\/\/erotikmassagehaus.de\/?page_id=1565\" \/>\n<meta property=\"og:site_name\" content=\"Erotikmassagehaus\" \/>\n<meta property=\"article:modified_time\" content=\"2026-04-19T18:37:17+00:00\" \/>\n<meta name=\"twitter:card\" content=\"summary_large_image\" \/>\n<meta name=\"twitter:label1\" content=\"Gesch\u00e4tzte Lesezeit\" \/>\n\t<meta name=\"twitter:data1\" content=\"1\u00a0Minute\" \/>\n<script type=\"application\/ld+json\" class=\"yoast-schema-graph\">{\"@context\":\"https:\/\/schema.org\",\"@graph\":[{\"@type\":\"WebPage\",\"@id\":\"https:\/\/erotikmassagehaus.de\/?page_id=1565\",\"url\":\"https:\/\/erotikmassagehaus.de\/?page_id=1565\",\"name\":\"*** Luna *** - Erotikmassagehaus\",\"isPartOf\":{\"@id\":\"https:\/\/erotikmassagehaus.de\/#website\"},\"datePublished\":\"2019-05-15T18:28:43+00:00\",\"dateModified\":\"2026-04-19T18:37:17+00:00\",\"breadcrumb\":{\"@id\":\"https:\/\/erotikmassagehaus.de\/?page_id=1565#breadcrumb\"},\"inLanguage\":\"de\",\"potentialAction\":[{\"@type\":\"ReadAction\",\"target\":[\"https:\/\/erotikmassagehaus.de\/?page_id=1565\"]}]},{\"@type\":\"BreadcrumbList\",\"@id\":\"https:\/\/erotikmassagehaus.de\/?page_id=1565#breadcrumb\",\"itemListElement\":[{\"@type\":\"ListItem\",\"position\":1,\"name\":\"Startseite\",\"item\":\"https:\/\/erotikmassagehaus.de\/\"},{\"@type\":\"ListItem\",\"position\":2,\"name\":\"*** Luna ***\"}]},{\"@type\":\"WebSite\",\"@id\":\"https:\/\/erotikmassagehaus.de\/#website\",\"url\":\"https:\/\/erotikmassagehaus.de\/\",\"name\":\"Erotikmassagehaus\",\"description\":\"Obernberg am Inn - Tel. +43 7758 26738\",\"publisher\":{\"@id\":\"https:\/\/erotikmassagehaus.de\/#organization\"},\"potentialAction\":[{\"@type\":\"SearchAction\",\"target\":{\"@type\":\"EntryPoint\",\"urlTemplate\":\"https:\/\/erotikmassagehaus.de\/?s={search_term_string}\"},\"query-input\":{\"@type\":\"PropertyValueSpecification\",\"valueRequired\":true,\"valueName\":\"search_term_string\"}}],\"inLanguage\":\"de\"},{\"@type\":\"Organization\",\"@id\":\"https:\/\/erotikmassagehaus.de\/#organization\",\"name\":\"Samtpf\u00f6tchen - Erotische Massagen und mehr\",\"url\":\"https:\/\/erotikmassagehaus.de\/\",\"logo\":{\"@type\":\"ImageObject\",\"inLanguage\":\"de\",\"@id\":\"https:\/\/erotikmassagehaus.de\/#\/schema\/logo\/image\/\",\"url\":\"https:\/\/erotikmassagehaus.de\/wp-content\/uploads\/2021\/10\/Firmenlogo_Samtpfoetchen.jpg\",\"contentUrl\":\"https:\/\/erotikmassagehaus.de\/wp-content\/uploads\/2021\/10\/Firmenlogo_Samtpfoetchen.jpg\",\"width\":1890,\"height\":945,\"caption\":\"Samtpf\u00f6tchen - Erotische Massagen und mehr\"},\"image\":{\"@id\":\"https:\/\/erotikmassagehaus.de\/#\/schema\/logo\/image\/\"}}]}<\/script>\n<!-- \/ Yoast SEO plugin. -->","yoast_head_json":{"title":"*** Luna *** - Erotikmassagehaus","robots":{"index":"index","follow":"follow","max-snippet":"max-snippet:-1","max-image-preview":"max-image-preview:large","max-video-preview":"max-video-preview:-1"},"canonical":"https:\/\/erotikmassagehaus.de\/?page_id=1565","og_locale":"de_DE","og_type":"article","og_title":"*** Luna *** - Erotikmassagehaus","og_description":"Ich bin Luna, 37, eine h\u00fcbsche Kubanerin mit sexy prallen Kurven und \u00fcppigem Naturbusen. Ich spreche gut verst\u00e4ndliches Deutsch, bin anschmiegsam, devot und erf\u00fclle fast alle W\u00fcnsche! Ich biete zum Preis von 80 Euro eine hingebungsvolle und liebevoll ausgef\u00fchrte Erotische-Verw\u00f6hnmassage mit Handentspannung, oder zum gleichen Preis einen Quickie! Auf Wunsch und gegen einen kleinen Aufpreis, &hellip; \u201e*** Luna ***\u201c weiterlesen","og_url":"https:\/\/erotikmassagehaus.de\/?page_id=1565","og_site_name":"Erotikmassagehaus","article_modified_time":"2026-04-19T18:37:17+00:00","twitter_card":"summary_large_image","twitter_misc":{"Gesch\u00e4tzte Lesezeit":"1\u00a0Minute"},"schema":{"@context":"https:\/\/schema.org","@graph":[{"@type":"WebPage","@id":"https:\/\/erotikmassagehaus.de\/?page_id=1565","url":"https:\/\/erotikmassagehaus.de\/?page_id=1565","name":"*** Luna *** - Erotikmassagehaus","isPartOf":{"@id":"https:\/\/erotikmassagehaus.de\/#website"},"datePublished":"2019-05-15T18:28:43+00:00","dateModified":"2026-04-19T18:37:17+00:00","breadcrumb":{"@id":"https:\/\/erotikmassagehaus.de\/?page_id=1565#breadcrumb"},"inLanguage":"de","potentialAction":[{"@type":"ReadAction","target":["https:\/\/erotikmassagehaus.de\/?page_id=1565"]}]},{"@type":"BreadcrumbList","@id":"https:\/\/erotikmassagehaus.de\/?page_id=1565#breadcrumb","itemListElement":[{"@type":"ListItem","position":1,"name":"Startseite","item":"https:\/\/erotikmassagehaus.de\/"},{"@type":"ListItem","position":2,"name":"*** Luna ***"}]},{"@type":"WebSite","@id":"https:\/\/erotikmassagehaus.de\/#website","url":"https:\/\/erotikmassagehaus.de\/","name":"Erotikmassagehaus","description":"Obernberg am Inn - Tel. +43 7758 26738","publisher":{"@id":"https:\/\/erotikmassagehaus.de\/#organization"},"potentialAction":[{"@type":"SearchAction","target":{"@type":"EntryPoint","urlTemplate":"https:\/\/erotikmassagehaus.de\/?s={search_term_string}"},"query-input":{"@type":"PropertyValueSpecification","valueRequired":true,"valueName":"search_term_string"}}],"inLanguage":"de"},{"@type":"Organization","@id":"https:\/\/erotikmassagehaus.de\/#organization","name":"Samtpf\u00f6tchen - Erotische Massagen und mehr","url":"https:\/\/erotikmassagehaus.de\/","logo":{"@type":"ImageObject","inLanguage":"de","@id":"https:\/\/erotikmassagehaus.de\/#\/schema\/logo\/image\/","url":"https:\/\/erotikmassagehaus.de\/wp-content\/uploads\/2021\/10\/Firmenlogo_Samtpfoetchen.jpg","contentUrl":"https:\/\/erotikmassagehaus.de\/wp-content\/uploads\/2021\/10\/Firmenlogo_Samtpfoetchen.jpg","width":1890,"height":945,"caption":"Samtpf\u00f6tchen - Erotische Massagen und mehr"},"image":{"@id":"https:\/\/erotikmassagehaus.de\/#\/schema\/logo\/image\/"}}]}},"_links":{"self":[{"href":"https:\/\/erotikmassagehaus.de\/index.php?rest_route=\/wp\/v2\/pages\/1565","targetHints":{"allow":["GET"]}}],"collection":[{"href":"https:\/\/erotikmassagehaus.de\/index.php?rest_route=\/wp\/v2\/pages"}],"about":[{"href":"https:\/\/erotikmassagehaus.de\/index.php?rest_route=\/wp\/v2\/types\/page"}],"author":[{"embeddable":true,"href":"https:\/\/erotikmassagehaus.de\/index.php?rest_route=\/wp\/v2\/users\/1"}],"replies":[{"embeddable":true,"href":"https:\/\/erotikmassagehaus.de\/index.php?rest_route=%2Fwp%2Fv2%2Fcomments&post=1565"}],"version-history":[{"count":37,"href":"https:\/\/erotikmassagehaus.de\/index.php?rest_route=\/wp\/v2\/pages\/1565\/revisions"}],"predecessor-version":[{"id":3934,"href":"https:\/\/erotikmassagehaus.de\/index.php?rest_route=\/wp\/v2\/pages\/1565\/revisions\/3934"}],"wp:attachment":[{"href":"https:\/\/erotikmassagehaus.de\/index.php?rest_route=%2Fwp%2Fv2%2Fmedia&parent=1565"}],"curies":[{"name":"wp","href":"https:\/\/api.w.org\/{rel}","templated":true}]}}