{"id":1684,"date":"2020-01-04T09:13:29","date_gmt":"2020-01-04T08:13:29","guid":{"rendered":"http:\/\/erotikmassagehaus.de\/?page_id=1684"},"modified":"2026-04-19T20:41:05","modified_gmt":"2026-04-19T18:41:05","slug":"lolita-neu","status":"publish","type":"page","link":"https:\/\/erotikmassagehaus.de\/?page_id=1684","title":{"rendered":"*** Julia ***"},"content":{"rendered":"\n<p>Ich bin Julia, 36 Jahre alt, blond, kurvig, sexy flauschig, mollig, h\u00fcbsch mit gro\u00dfen reaktiven Br\u00fcsten.<\/p>\n\n\n\n<p>Zum Preis von 80 Euro zelebriere ich Ihnen eine erotische Verw\u00f6hn-Massage mit Handentspannung, auf Wunsch und gegen einen kleinen Aufpreis gerne mit sexuellen Handlungen nach Ihren Vorstellungen, oder zum gleichen Preis einen Quickie! ! Ich verspreche Ihnen sanfte, flie\u00dfende Ber\u00fchrungen und ein H\u00f6chstma\u00df an Komfort bei weitgehendster Erf\u00fcllung ihrer W\u00fcnsche! Rufen Sie an, dass es auch mit uns klappt! Ich freue mich schon auf Sie!<\/p>\n\n\n\nngg_shortcode_0_placeholder\n\n\n\n<hr class=\"wp-block-separator has-css-opacity is-style-wide\"\/>\n\n\n\n<p class=\"has-text-align-center\"> Unsere \u00d6ffnungszeiten: t\u00e4glich von 10.00 &#8211; 22.00 Uhr &#8211; auch Sonn- und Feiertag, Br\u00fcckenstra\u00dfe 2, 4982 Obernberg am Inn\/\u00d6sterreich <\/p>\n","protected":false},"excerpt":{"rendered":"<p>Ich bin Julia, 36 Jahre alt, blond, kurvig, sexy flauschig, mollig, h\u00fcbsch mit gro\u00dfen reaktiven Br\u00fcsten. Zum Preis von 80 Euro zelebriere ich Ihnen eine erotische Verw\u00f6hn-Massage mit Handentspannung, auf Wunsch und gegen einen kleinen Aufpreis gerne mit sexuellen Handlungen nach Ihren Vorstellungen, oder zum gleichen Preis einen Quickie! ! Ich verspreche Ihnen sanfte, flie\u00dfende &hellip; <\/p>\n<p class=\"link-more\"><a href=\"https:\/\/erotikmassagehaus.de\/?page_id=1684\" class=\"more-link\"><span class=\"screen-reader-text\">\u201e*** Julia ***\u201c<\/span> weiterlesen<\/a><\/p>\n","protected":false},"author":1,"featured_media":0,"parent":0,"menu_order":0,"comment_status":"closed","ping_status":"closed","template":"","meta":{"ngg_post_thumbnail":0,"footnotes":""},"class_list":["post-1684","page","type-page","status-publish","hentry"],"yoast_head":"<!-- This site is optimized with the Yoast SEO plugin v27.2 - https:\/\/yoast.com\/product\/yoast-seo-wordpress\/ -->\n<title>*** Julia *** - Erotikmassagehaus<\/title>\n<meta name=\"robots\" content=\"index, follow, max-snippet:-1, max-image-preview:large, max-video-preview:-1\" \/>\n<link rel=\"canonical\" href=\"https:\/\/erotikmassagehaus.de\/?page_id=1684\" \/>\n<meta property=\"og:locale\" content=\"de_DE\" \/>\n<meta property=\"og:type\" content=\"article\" \/>\n<meta property=\"og:title\" content=\"*** Julia *** - Erotikmassagehaus\" \/>\n<meta property=\"og:description\" content=\"Ich bin Julia, 36 Jahre alt, blond, kurvig, sexy flauschig, mollig, h\u00fcbsch mit gro\u00dfen reaktiven Br\u00fcsten. Zum Preis von 80 Euro zelebriere ich Ihnen eine erotische Verw\u00f6hn-Massage mit Handentspannung, auf Wunsch und gegen einen kleinen Aufpreis gerne mit sexuellen Handlungen nach Ihren Vorstellungen, oder zum gleichen Preis einen Quickie! ! Ich verspreche Ihnen sanfte, flie\u00dfende &hellip; \u201e*** Julia ***\u201c weiterlesen\" \/>\n<meta property=\"og:url\" content=\"https:\/\/erotikmassagehaus.de\/?page_id=1684\" \/>\n<meta property=\"og:site_name\" content=\"Erotikmassagehaus\" \/>\n<meta property=\"article:modified_time\" content=\"2026-04-19T18:41:05+00:00\" \/>\n<meta name=\"twitter:card\" content=\"summary_large_image\" \/>\n<meta name=\"twitter:label1\" content=\"Gesch\u00e4tzte Lesezeit\" \/>\n\t<meta name=\"twitter:data1\" content=\"1\u00a0Minute\" \/>\n<script type=\"application\/ld+json\" class=\"yoast-schema-graph\">{\"@context\":\"https:\/\/schema.org\",\"@graph\":[{\"@type\":\"WebPage\",\"@id\":\"https:\/\/erotikmassagehaus.de\/?page_id=1684\",\"url\":\"https:\/\/erotikmassagehaus.de\/?page_id=1684\",\"name\":\"*** Julia *** - Erotikmassagehaus\",\"isPartOf\":{\"@id\":\"https:\/\/erotikmassagehaus.de\/#website\"},\"datePublished\":\"2020-01-04T08:13:29+00:00\",\"dateModified\":\"2026-04-19T18:41:05+00:00\",\"breadcrumb\":{\"@id\":\"https:\/\/erotikmassagehaus.de\/?page_id=1684#breadcrumb\"},\"inLanguage\":\"de\",\"potentialAction\":[{\"@type\":\"ReadAction\",\"target\":[\"https:\/\/erotikmassagehaus.de\/?page_id=1684\"]}]},{\"@type\":\"BreadcrumbList\",\"@id\":\"https:\/\/erotikmassagehaus.de\/?page_id=1684#breadcrumb\",\"itemListElement\":[{\"@type\":\"ListItem\",\"position\":1,\"name\":\"Startseite\",\"item\":\"https:\/\/erotikmassagehaus.de\/\"},{\"@type\":\"ListItem\",\"position\":2,\"name\":\"*** Julia ***\"}]},{\"@type\":\"WebSite\",\"@id\":\"https:\/\/erotikmassagehaus.de\/#website\",\"url\":\"https:\/\/erotikmassagehaus.de\/\",\"name\":\"Erotikmassagehaus\",\"description\":\"Obernberg am Inn - Tel. +43 7758 26738\",\"publisher\":{\"@id\":\"https:\/\/erotikmassagehaus.de\/#organization\"},\"potentialAction\":[{\"@type\":\"SearchAction\",\"target\":{\"@type\":\"EntryPoint\",\"urlTemplate\":\"https:\/\/erotikmassagehaus.de\/?s={search_term_string}\"},\"query-input\":{\"@type\":\"PropertyValueSpecification\",\"valueRequired\":true,\"valueName\":\"search_term_string\"}}],\"inLanguage\":\"de\"},{\"@type\":\"Organization\",\"@id\":\"https:\/\/erotikmassagehaus.de\/#organization\",\"name\":\"Samtpf\u00f6tchen - Erotische Massagen und mehr\",\"url\":\"https:\/\/erotikmassagehaus.de\/\",\"logo\":{\"@type\":\"ImageObject\",\"inLanguage\":\"de\",\"@id\":\"https:\/\/erotikmassagehaus.de\/#\/schema\/logo\/image\/\",\"url\":\"https:\/\/erotikmassagehaus.de\/wp-content\/uploads\/2021\/10\/Firmenlogo_Samtpfoetchen.jpg\",\"contentUrl\":\"https:\/\/erotikmassagehaus.de\/wp-content\/uploads\/2021\/10\/Firmenlogo_Samtpfoetchen.jpg\",\"width\":1890,\"height\":945,\"caption\":\"Samtpf\u00f6tchen - Erotische Massagen und mehr\"},\"image\":{\"@id\":\"https:\/\/erotikmassagehaus.de\/#\/schema\/logo\/image\/\"}}]}<\/script>\n<!-- \/ Yoast SEO plugin. -->","yoast_head_json":{"title":"*** Julia *** - Erotikmassagehaus","robots":{"index":"index","follow":"follow","max-snippet":"max-snippet:-1","max-image-preview":"max-image-preview:large","max-video-preview":"max-video-preview:-1"},"canonical":"https:\/\/erotikmassagehaus.de\/?page_id=1684","og_locale":"de_DE","og_type":"article","og_title":"*** Julia *** - Erotikmassagehaus","og_description":"Ich bin Julia, 36 Jahre alt, blond, kurvig, sexy flauschig, mollig, h\u00fcbsch mit gro\u00dfen reaktiven Br\u00fcsten. Zum Preis von 80 Euro zelebriere ich Ihnen eine erotische Verw\u00f6hn-Massage mit Handentspannung, auf Wunsch und gegen einen kleinen Aufpreis gerne mit sexuellen Handlungen nach Ihren Vorstellungen, oder zum gleichen Preis einen Quickie! ! Ich verspreche Ihnen sanfte, flie\u00dfende &hellip; \u201e*** Julia ***\u201c weiterlesen","og_url":"https:\/\/erotikmassagehaus.de\/?page_id=1684","og_site_name":"Erotikmassagehaus","article_modified_time":"2026-04-19T18:41:05+00:00","twitter_card":"summary_large_image","twitter_misc":{"Gesch\u00e4tzte Lesezeit":"1\u00a0Minute"},"schema":{"@context":"https:\/\/schema.org","@graph":[{"@type":"WebPage","@id":"https:\/\/erotikmassagehaus.de\/?page_id=1684","url":"https:\/\/erotikmassagehaus.de\/?page_id=1684","name":"*** Julia *** - Erotikmassagehaus","isPartOf":{"@id":"https:\/\/erotikmassagehaus.de\/#website"},"datePublished":"2020-01-04T08:13:29+00:00","dateModified":"2026-04-19T18:41:05+00:00","breadcrumb":{"@id":"https:\/\/erotikmassagehaus.de\/?page_id=1684#breadcrumb"},"inLanguage":"de","potentialAction":[{"@type":"ReadAction","target":["https:\/\/erotikmassagehaus.de\/?page_id=1684"]}]},{"@type":"BreadcrumbList","@id":"https:\/\/erotikmassagehaus.de\/?page_id=1684#breadcrumb","itemListElement":[{"@type":"ListItem","position":1,"name":"Startseite","item":"https:\/\/erotikmassagehaus.de\/"},{"@type":"ListItem","position":2,"name":"*** Julia ***"}]},{"@type":"WebSite","@id":"https:\/\/erotikmassagehaus.de\/#website","url":"https:\/\/erotikmassagehaus.de\/","name":"Erotikmassagehaus","description":"Obernberg am Inn - Tel. +43 7758 26738","publisher":{"@id":"https:\/\/erotikmassagehaus.de\/#organization"},"potentialAction":[{"@type":"SearchAction","target":{"@type":"EntryPoint","urlTemplate":"https:\/\/erotikmassagehaus.de\/?s={search_term_string}"},"query-input":{"@type":"PropertyValueSpecification","valueRequired":true,"valueName":"search_term_string"}}],"inLanguage":"de"},{"@type":"Organization","@id":"https:\/\/erotikmassagehaus.de\/#organization","name":"Samtpf\u00f6tchen - Erotische Massagen und mehr","url":"https:\/\/erotikmassagehaus.de\/","logo":{"@type":"ImageObject","inLanguage":"de","@id":"https:\/\/erotikmassagehaus.de\/#\/schema\/logo\/image\/","url":"https:\/\/erotikmassagehaus.de\/wp-content\/uploads\/2021\/10\/Firmenlogo_Samtpfoetchen.jpg","contentUrl":"https:\/\/erotikmassagehaus.de\/wp-content\/uploads\/2021\/10\/Firmenlogo_Samtpfoetchen.jpg","width":1890,"height":945,"caption":"Samtpf\u00f6tchen - Erotische Massagen und mehr"},"image":{"@id":"https:\/\/erotikmassagehaus.de\/#\/schema\/logo\/image\/"}}]}},"_links":{"self":[{"href":"https:\/\/erotikmassagehaus.de\/index.php?rest_route=\/wp\/v2\/pages\/1684","targetHints":{"allow":["GET"]}}],"collection":[{"href":"https:\/\/erotikmassagehaus.de\/index.php?rest_route=\/wp\/v2\/pages"}],"about":[{"href":"https:\/\/erotikmassagehaus.de\/index.php?rest_route=\/wp\/v2\/types\/page"}],"author":[{"embeddable":true,"href":"https:\/\/erotikmassagehaus.de\/index.php?rest_route=\/wp\/v2\/users\/1"}],"replies":[{"embeddable":true,"href":"https:\/\/erotikmassagehaus.de\/index.php?rest_route=%2Fwp%2Fv2%2Fcomments&post=1684"}],"version-history":[{"count":29,"href":"https:\/\/erotikmassagehaus.de\/index.php?rest_route=\/wp\/v2\/pages\/1684\/revisions"}],"predecessor-version":[{"id":3937,"href":"https:\/\/erotikmassagehaus.de\/index.php?rest_route=\/wp\/v2\/pages\/1684\/revisions\/3937"}],"wp:attachment":[{"href":"https:\/\/erotikmassagehaus.de\/index.php?rest_route=%2Fwp%2Fv2%2Fmedia&parent=1684"}],"curies":[{"name":"wp","href":"https:\/\/api.w.org\/{rel}","templated":true}]}}