{"id":3291,"date":"2023-10-31T20:40:45","date_gmt":"2023-10-31T19:40:45","guid":{"rendered":"https:\/\/erotikmassagehaus.de\/?page_id=3291"},"modified":"2026-04-19T20:41:59","modified_gmt":"2026-04-19T18:41:59","slug":"lara","status":"publish","type":"page","link":"https:\/\/erotikmassagehaus.de\/?page_id=3291","title":{"rendered":"*** Lara ***"},"content":{"rendered":"\n<p>Hallo, mein Name ist Lara, ich bin 38 Jahre jung und ein echtes bayerisches M\u00e4dl. Dunkelhaarig, schlank, langbeinig mit \u00fcppigen Br\u00fcsten!<\/p>\n\n\n\n<p>Ich massiere leidenschaftlich gerne und biete daher wahlweise f\u00fcr 80 Euro eine gekonnt erotische hei\u00dfe klassische Massage mit Handentspannung oder eine Streichelmassage mit Handentspannung, oder zum gleichen Preis einen Quickie! ! Gegen einen kleinen Aufpreis gehe ich gerne auf fast alle W\u00fcnsche ein! Auch Blasen, Verkehr in verschiedenen Stellungen, Dildo-Spiele sowie ein dominanter Service ist geboten. Vieles ist m\u00f6glich!. Also auf was wartest du noch? Wenn du mich sicher antreffen willst, ruf an, sonst &#8211; komm einfach vorbei!<\/p>\n\n\n\nngg_shortcode_0_placeholder\n\n\n\n<hr class=\"wp-block-separator has-alpha-channel-opacity is-style-wide\"\/>\n\n\n\n<p class=\"has-text-align-center\">Unsere \u00d6ffnungszeiten: t\u00e4glich von 10.00 &#8211; 22.00 Uhr &#8211; auch Sonn- und Feiertag, Br\u00fcckenstra\u00dfe 2, 4982 Obernberg am Inn\/\u00d6sterreich<\/p>\n\n\n\n<p><\/p>\n","protected":false},"excerpt":{"rendered":"<p>Hallo, mein Name ist Lara, ich bin 38 Jahre jung und ein echtes bayerisches M\u00e4dl. Dunkelhaarig, schlank, langbeinig mit \u00fcppigen Br\u00fcsten! Ich massiere leidenschaftlich gerne und biete daher wahlweise f\u00fcr 80 Euro eine gekonnt erotische hei\u00dfe klassische Massage mit Handentspannung oder eine Streichelmassage mit Handentspannung, oder zum gleichen Preis einen Quickie! ! Gegen einen kleinen &hellip; <\/p>\n<p class=\"link-more\"><a href=\"https:\/\/erotikmassagehaus.de\/?page_id=3291\" class=\"more-link\"><span class=\"screen-reader-text\">\u201e*** Lara ***\u201c<\/span> weiterlesen<\/a><\/p>\n","protected":false},"author":1,"featured_media":0,"parent":0,"menu_order":0,"comment_status":"closed","ping_status":"closed","template":"","meta":{"ngg_post_thumbnail":0,"footnotes":""},"class_list":["post-3291","page","type-page","status-publish","hentry"],"yoast_head":"<!-- This site is optimized with the Yoast SEO plugin v27.2 - https:\/\/yoast.com\/product\/yoast-seo-wordpress\/ -->\n<title>*** Lara *** - Erotikmassagehaus<\/title>\n<meta name=\"robots\" content=\"index, follow, max-snippet:-1, max-image-preview:large, max-video-preview:-1\" \/>\n<link rel=\"canonical\" href=\"https:\/\/erotikmassagehaus.de\/?page_id=3291\" \/>\n<meta property=\"og:locale\" content=\"de_DE\" \/>\n<meta property=\"og:type\" content=\"article\" \/>\n<meta property=\"og:title\" content=\"*** Lara *** - Erotikmassagehaus\" \/>\n<meta property=\"og:description\" content=\"Hallo, mein Name ist Lara, ich bin 38 Jahre jung und ein echtes bayerisches M\u00e4dl. Dunkelhaarig, schlank, langbeinig mit \u00fcppigen Br\u00fcsten! Ich massiere leidenschaftlich gerne und biete daher wahlweise f\u00fcr 80 Euro eine gekonnt erotische hei\u00dfe klassische Massage mit Handentspannung oder eine Streichelmassage mit Handentspannung, oder zum gleichen Preis einen Quickie! ! Gegen einen kleinen &hellip; \u201e*** Lara ***\u201c weiterlesen\" \/>\n<meta property=\"og:url\" content=\"https:\/\/erotikmassagehaus.de\/?page_id=3291\" \/>\n<meta property=\"og:site_name\" content=\"Erotikmassagehaus\" \/>\n<meta property=\"article:modified_time\" content=\"2026-04-19T18:41:59+00:00\" \/>\n<meta name=\"twitter:card\" content=\"summary_large_image\" \/>\n<meta name=\"twitter:label1\" content=\"Gesch\u00e4tzte Lesezeit\" \/>\n\t<meta name=\"twitter:data1\" content=\"1\u00a0Minute\" \/>\n<script type=\"application\/ld+json\" class=\"yoast-schema-graph\">{\"@context\":\"https:\/\/schema.org\",\"@graph\":[{\"@type\":\"WebPage\",\"@id\":\"https:\/\/erotikmassagehaus.de\/?page_id=3291\",\"url\":\"https:\/\/erotikmassagehaus.de\/?page_id=3291\",\"name\":\"*** Lara *** - Erotikmassagehaus\",\"isPartOf\":{\"@id\":\"https:\/\/erotikmassagehaus.de\/#website\"},\"datePublished\":\"2023-10-31T19:40:45+00:00\",\"dateModified\":\"2026-04-19T18:41:59+00:00\",\"breadcrumb\":{\"@id\":\"https:\/\/erotikmassagehaus.de\/?page_id=3291#breadcrumb\"},\"inLanguage\":\"de\",\"potentialAction\":[{\"@type\":\"ReadAction\",\"target\":[\"https:\/\/erotikmassagehaus.de\/?page_id=3291\"]}]},{\"@type\":\"BreadcrumbList\",\"@id\":\"https:\/\/erotikmassagehaus.de\/?page_id=3291#breadcrumb\",\"itemListElement\":[{\"@type\":\"ListItem\",\"position\":1,\"name\":\"Startseite\",\"item\":\"https:\/\/erotikmassagehaus.de\/\"},{\"@type\":\"ListItem\",\"position\":2,\"name\":\"*** Lara ***\"}]},{\"@type\":\"WebSite\",\"@id\":\"https:\/\/erotikmassagehaus.de\/#website\",\"url\":\"https:\/\/erotikmassagehaus.de\/\",\"name\":\"Erotikmassagehaus\",\"description\":\"Obernberg am Inn - Tel. +43 7758 26738\",\"publisher\":{\"@id\":\"https:\/\/erotikmassagehaus.de\/#organization\"},\"potentialAction\":[{\"@type\":\"SearchAction\",\"target\":{\"@type\":\"EntryPoint\",\"urlTemplate\":\"https:\/\/erotikmassagehaus.de\/?s={search_term_string}\"},\"query-input\":{\"@type\":\"PropertyValueSpecification\",\"valueRequired\":true,\"valueName\":\"search_term_string\"}}],\"inLanguage\":\"de\"},{\"@type\":\"Organization\",\"@id\":\"https:\/\/erotikmassagehaus.de\/#organization\",\"name\":\"Samtpf\u00f6tchen - Erotische Massagen und mehr\",\"url\":\"https:\/\/erotikmassagehaus.de\/\",\"logo\":{\"@type\":\"ImageObject\",\"inLanguage\":\"de\",\"@id\":\"https:\/\/erotikmassagehaus.de\/#\/schema\/logo\/image\/\",\"url\":\"https:\/\/erotikmassagehaus.de\/wp-content\/uploads\/2021\/10\/Firmenlogo_Samtpfoetchen.jpg\",\"contentUrl\":\"https:\/\/erotikmassagehaus.de\/wp-content\/uploads\/2021\/10\/Firmenlogo_Samtpfoetchen.jpg\",\"width\":1890,\"height\":945,\"caption\":\"Samtpf\u00f6tchen - Erotische Massagen und mehr\"},\"image\":{\"@id\":\"https:\/\/erotikmassagehaus.de\/#\/schema\/logo\/image\/\"}}]}<\/script>\n<!-- \/ Yoast SEO plugin. -->","yoast_head_json":{"title":"*** Lara *** - Erotikmassagehaus","robots":{"index":"index","follow":"follow","max-snippet":"max-snippet:-1","max-image-preview":"max-image-preview:large","max-video-preview":"max-video-preview:-1"},"canonical":"https:\/\/erotikmassagehaus.de\/?page_id=3291","og_locale":"de_DE","og_type":"article","og_title":"*** Lara *** - Erotikmassagehaus","og_description":"Hallo, mein Name ist Lara, ich bin 38 Jahre jung und ein echtes bayerisches M\u00e4dl. Dunkelhaarig, schlank, langbeinig mit \u00fcppigen Br\u00fcsten! Ich massiere leidenschaftlich gerne und biete daher wahlweise f\u00fcr 80 Euro eine gekonnt erotische hei\u00dfe klassische Massage mit Handentspannung oder eine Streichelmassage mit Handentspannung, oder zum gleichen Preis einen Quickie! ! Gegen einen kleinen &hellip; \u201e*** Lara ***\u201c weiterlesen","og_url":"https:\/\/erotikmassagehaus.de\/?page_id=3291","og_site_name":"Erotikmassagehaus","article_modified_time":"2026-04-19T18:41:59+00:00","twitter_card":"summary_large_image","twitter_misc":{"Gesch\u00e4tzte Lesezeit":"1\u00a0Minute"},"schema":{"@context":"https:\/\/schema.org","@graph":[{"@type":"WebPage","@id":"https:\/\/erotikmassagehaus.de\/?page_id=3291","url":"https:\/\/erotikmassagehaus.de\/?page_id=3291","name":"*** Lara *** - Erotikmassagehaus","isPartOf":{"@id":"https:\/\/erotikmassagehaus.de\/#website"},"datePublished":"2023-10-31T19:40:45+00:00","dateModified":"2026-04-19T18:41:59+00:00","breadcrumb":{"@id":"https:\/\/erotikmassagehaus.de\/?page_id=3291#breadcrumb"},"inLanguage":"de","potentialAction":[{"@type":"ReadAction","target":["https:\/\/erotikmassagehaus.de\/?page_id=3291"]}]},{"@type":"BreadcrumbList","@id":"https:\/\/erotikmassagehaus.de\/?page_id=3291#breadcrumb","itemListElement":[{"@type":"ListItem","position":1,"name":"Startseite","item":"https:\/\/erotikmassagehaus.de\/"},{"@type":"ListItem","position":2,"name":"*** Lara ***"}]},{"@type":"WebSite","@id":"https:\/\/erotikmassagehaus.de\/#website","url":"https:\/\/erotikmassagehaus.de\/","name":"Erotikmassagehaus","description":"Obernberg am Inn - Tel. +43 7758 26738","publisher":{"@id":"https:\/\/erotikmassagehaus.de\/#organization"},"potentialAction":[{"@type":"SearchAction","target":{"@type":"EntryPoint","urlTemplate":"https:\/\/erotikmassagehaus.de\/?s={search_term_string}"},"query-input":{"@type":"PropertyValueSpecification","valueRequired":true,"valueName":"search_term_string"}}],"inLanguage":"de"},{"@type":"Organization","@id":"https:\/\/erotikmassagehaus.de\/#organization","name":"Samtpf\u00f6tchen - Erotische Massagen und mehr","url":"https:\/\/erotikmassagehaus.de\/","logo":{"@type":"ImageObject","inLanguage":"de","@id":"https:\/\/erotikmassagehaus.de\/#\/schema\/logo\/image\/","url":"https:\/\/erotikmassagehaus.de\/wp-content\/uploads\/2021\/10\/Firmenlogo_Samtpfoetchen.jpg","contentUrl":"https:\/\/erotikmassagehaus.de\/wp-content\/uploads\/2021\/10\/Firmenlogo_Samtpfoetchen.jpg","width":1890,"height":945,"caption":"Samtpf\u00f6tchen - Erotische Massagen und mehr"},"image":{"@id":"https:\/\/erotikmassagehaus.de\/#\/schema\/logo\/image\/"}}]}},"_links":{"self":[{"href":"https:\/\/erotikmassagehaus.de\/index.php?rest_route=\/wp\/v2\/pages\/3291","targetHints":{"allow":["GET"]}}],"collection":[{"href":"https:\/\/erotikmassagehaus.de\/index.php?rest_route=\/wp\/v2\/pages"}],"about":[{"href":"https:\/\/erotikmassagehaus.de\/index.php?rest_route=\/wp\/v2\/types\/page"}],"author":[{"embeddable":true,"href":"https:\/\/erotikmassagehaus.de\/index.php?rest_route=\/wp\/v2\/users\/1"}],"replies":[{"embeddable":true,"href":"https:\/\/erotikmassagehaus.de\/index.php?rest_route=%2Fwp%2Fv2%2Fcomments&post=3291"}],"version-history":[{"count":15,"href":"https:\/\/erotikmassagehaus.de\/index.php?rest_route=\/wp\/v2\/pages\/3291\/revisions"}],"predecessor-version":[{"id":3940,"href":"https:\/\/erotikmassagehaus.de\/index.php?rest_route=\/wp\/v2\/pages\/3291\/revisions\/3940"}],"wp:attachment":[{"href":"https:\/\/erotikmassagehaus.de\/index.php?rest_route=%2Fwp%2Fv2%2Fmedia&parent=3291"}],"curies":[{"name":"wp","href":"https:\/\/api.w.org\/{rel}","templated":true}]}}