{"id":8,"date":"2017-07-12T09:33:36","date_gmt":"2017-07-12T09:33:36","guid":{"rendered":"http:\/\/erotikmassagehaus.de\/?page_id=8"},"modified":"2026-04-08T06:24:11","modified_gmt":"2026-04-08T04:24:11","slug":"bilder","status":"publish","type":"page","link":"https:\/\/erotikmassagehaus.de\/?page_id=8","title":{"rendered":"Bilder"},"content":{"rendered":"\n<h1 class=\"wp-block-heading\"><strong><mark style=\"background-color:rgba(0, 0, 0, 0)\" class=\"has-inline-color has-vivid-red-color\">Aktuell anwesende erotische Masseusen<\/mark><\/strong><\/h1>\n\n\n\n<p>Hier finden Sie eine aktuelle \u00dcbersicht der zur Zeit arbeitenden Damen. Um sicher zu gehen ob die jeweilige Dame anwesend ist bitten wir Sie um telefonische R\u00fccksprache oder eine vorherige Terminabsprache.<\/p>\n\n\n\n<h3 class=\"wp-block-heading has-text-align-center\"><strong>R\u00fccksprachen und Terminanfragen bitte unter der <a href=\"tel:+43 7758 26738\">+43 7758 26738<\/a><\/strong><\/h3>\n\n\n\n<figure class=\"wp-block-table\"><table><tbody><tr><td class=\"has-text-align-center\" data-align=\"center\"><strong>Sandra<\/strong><br><br><a href=\"https:\/\/erotikmassagehaus.de\/?page_id=137\"><img loading=\"lazy\" decoding=\"async\" width=\"150\" height=\"225\" class=\"wp-image-3589\" style=\"width: 150px;\" src=\"http:\/\/erotikmassagehaus.de\/wp-content\/uploads\/2025\/06\/004-1.jpg\" alt=\"\" srcset=\"https:\/\/erotikmassagehaus.de\/wp-content\/uploads\/2025\/06\/004-1.jpg 399w, https:\/\/erotikmassagehaus.de\/wp-content\/uploads\/2025\/06\/004-1-200x300.jpg 200w\" sizes=\"auto, (max-width: 150px) 100vw, 150px\" \/><\/a><a href=\"http:\/\/erotikmassagehaus.de\/?page_id=137\"><\/a><\/td><td class=\"has-text-align-center\" data-align=\"center\"><strong>Luna<\/strong><br><br><a href=\"https:\/\/erotikmassagehaus.de\/?page_id=1565\"><img loading=\"lazy\" decoding=\"async\" width=\"150\" height=\"226\" class=\"wp-image-3432\" style=\"width: 150px;\" src=\"http:\/\/erotikmassagehaus.de\/wp-content\/uploads\/2024\/05\/Luna_002.jpg\" alt=\"\" srcset=\"https:\/\/erotikmassagehaus.de\/wp-content\/uploads\/2024\/05\/Luna_002.jpg 400w, https:\/\/erotikmassagehaus.de\/wp-content\/uploads\/2024\/05\/Luna_002-199x300.jpg 199w\" sizes=\"auto, (max-width: 150px) 100vw, 150px\" \/><\/a><a href=\"http:\/\/erotikmassagehaus.de\/?page_id=1684\"><\/a><\/td><\/tr><tr><td class=\"has-text-align-center\" data-align=\"center\"><strong>Lara<\/strong><br><br><a href=\"https:\/\/erotikmassagehaus.de\/?page_id=3291\"><img loading=\"lazy\" decoding=\"async\" width=\"150\" height=\"226\" class=\"wp-image-3401\" style=\"width: 150px;\" src=\"http:\/\/erotikmassagehaus.de\/wp-content\/uploads\/2023\/12\/lar_011.jpg\" alt=\"\" srcset=\"https:\/\/erotikmassagehaus.de\/wp-content\/uploads\/2023\/12\/lar_011.jpg 400w, https:\/\/erotikmassagehaus.de\/wp-content\/uploads\/2023\/12\/lar_011-199x300.jpg 199w\" sizes=\"auto, (max-width: 150px) 100vw, 150px\" \/><\/a><br><a href=\"http:\/\/erotikmassagehaus.de\/?page_id=2643\"><\/a><\/td><td class=\"has-text-align-center\" data-align=\"center\"><strong>Elin<\/strong><br><br><a href=\"https:\/\/erotikmassagehaus.de\/?page_id=1871\"><img loading=\"lazy\" decoding=\"async\" width=\"150\" height=\"225\" class=\"wp-image-3919\" style=\"width: 150px;\" src=\"http:\/\/erotikmassagehaus.de\/wp-content\/uploads\/2026\/03\/Elin_fuer-die-Damen-Seite.jpg\" alt=\"\" srcset=\"https:\/\/erotikmassagehaus.de\/wp-content\/uploads\/2026\/03\/Elin_fuer-die-Damen-Seite.jpg 400w, https:\/\/erotikmassagehaus.de\/wp-content\/uploads\/2026\/03\/Elin_fuer-die-Damen-Seite-200x300.jpg 200w\" sizes=\"auto, (max-width: 150px) 100vw, 150px\" \/><\/a><br><a href=\"https:\/\/erotikmassagehaus.de\/?page_id=1871\"><\/a><\/td><\/tr><tr><td class=\"has-text-align-center\" data-align=\"center\"><strong>Deysi<\/strong><br><br><a href=\"https:\/\/erotikmassagehaus.de\/?page_id=3547\"><img loading=\"lazy\" decoding=\"async\" width=\"150\" height=\"226\" class=\"wp-image-3877\" style=\"width: 150px;\" src=\"http:\/\/erotikmassagehaus.de\/wp-content\/uploads\/2026\/03\/Deysi001.jpg\" alt=\"\" srcset=\"https:\/\/erotikmassagehaus.de\/wp-content\/uploads\/2026\/03\/Deysi001.jpg 400w, https:\/\/erotikmassagehaus.de\/wp-content\/uploads\/2026\/03\/Deysi001-199x300.jpg 199w\" sizes=\"auto, (max-width: 150px) 100vw, 150px\" \/><\/a><br><a href=\"https:\/\/erotikmassagehaus.de\/?page_id=1565\"><\/a><\/td><td class=\"has-text-align-center\" data-align=\"center\"><strong>Melissa<\/strong><br><strong><br><\/strong><a href=\"https:\/\/erotikmassagehaus.de\/?page_id=2885\"><img loading=\"lazy\" decoding=\"async\" width=\"150\" height=\"226\" class=\"wp-image-3875\" style=\"width: 150px;\" src=\"http:\/\/erotikmassagehaus.de\/wp-content\/uploads\/2026\/03\/Melissa003.jpg\" alt=\"\" srcset=\"https:\/\/erotikmassagehaus.de\/wp-content\/uploads\/2026\/03\/Melissa003.jpg 400w, https:\/\/erotikmassagehaus.de\/wp-content\/uploads\/2026\/03\/Melissa003-199x300.jpg 199w\" sizes=\"auto, (max-width: 150px) 100vw, 150px\" \/><\/a><a href=\"http:\/\/erotikmassagehaus.de\/?page_id=3209\"><\/a><\/td><\/tr><tr><td class=\"has-text-align-center\" data-align=\"center\"><strong>Julia<\/strong><br><br><a href=\"https:\/\/erotikmassagehaus.de\/?page_id=1684\"><img loading=\"lazy\" decoding=\"async\" width=\"150\" height=\"226\" class=\"wp-image-2202\" style=\"width: 150px;\" src=\"http:\/\/erotikmassagehaus.de\/wp-content\/uploads\/2021\/06\/001_Julia_homepage.jpg\" alt=\"\" srcset=\"https:\/\/erotikmassagehaus.de\/wp-content\/uploads\/2021\/06\/001_Julia_homepage.jpg 400w, https:\/\/erotikmassagehaus.de\/wp-content\/uploads\/2021\/06\/001_Julia_homepage-199x300.jpg 199w\" sizes=\"auto, (max-width: 150px) 100vw, 150px\" \/><\/a><br><a href=\"https:\/\/erotikmassagehaus.de\/?page_id=3614\"><\/a><\/td><td class=\"has-text-align-center\" data-align=\"center\"><br><a href=\"https:\/\/erotikmassagehaus.de\/?page_id=1684\"><\/a><\/td><\/tr><\/tbody><\/table><\/figure>\n\n\n\n<hr class=\"wp-block-separator has-alpha-channel-opacity is-style-wide\"\/>\n\n\n\n<p class=\"has-text-align-center\"> Unsere \u00d6ffnungszeiten: t\u00e4glich von 10.00 &#8211; 22.00 Uhr &#8211; auch Sonn- und Feiertag, Br\u00fcckenstra\u00dfe 2, 4982 Obernberg am Inn\/\u00d6sterreich <\/p>\n\n\n\n<p><\/p>\n","protected":false},"excerpt":{"rendered":"<p>Aktuell anwesende erotische Masseusen Hier finden Sie eine aktuelle \u00dcbersicht der zur Zeit arbeitenden Damen. Um sicher zu gehen ob die jeweilige Dame anwesend ist bitten wir Sie um telefonische R\u00fccksprache oder eine vorherige Terminabsprache. R\u00fccksprachen und Terminanfragen bitte unter der +43 7758 26738 Sandra Luna Lara Elin Deysi Melissa Julia Unsere \u00d6ffnungszeiten: t\u00e4glich von &hellip; <\/p>\n<p class=\"link-more\"><a href=\"https:\/\/erotikmassagehaus.de\/?page_id=8\" class=\"more-link\"><span class=\"screen-reader-text\">\u201eBilder\u201c<\/span> weiterlesen<\/a><\/p>\n","protected":false},"author":1,"featured_media":0,"parent":0,"menu_order":0,"comment_status":"closed","ping_status":"closed","template":"","meta":{"ngg_post_thumbnail":0,"footnotes":""},"class_list":["post-8","page","type-page","status-publish","hentry"],"yoast_head":"<!-- This site is optimized with the Yoast SEO plugin v27.2 - https:\/\/yoast.com\/product\/yoast-seo-wordpress\/ -->\n<title>Bilder - Erotikmassagehaus<\/title>\n<meta name=\"robots\" content=\"index, follow, max-snippet:-1, max-image-preview:large, max-video-preview:-1\" \/>\n<link rel=\"canonical\" href=\"https:\/\/erotikmassagehaus.de\/?page_id=8\" \/>\n<meta property=\"og:locale\" content=\"de_DE\" \/>\n<meta property=\"og:type\" content=\"article\" \/>\n<meta property=\"og:title\" content=\"Bilder - Erotikmassagehaus\" \/>\n<meta property=\"og:description\" content=\"Aktuell anwesende erotische Masseusen Hier finden Sie eine aktuelle \u00dcbersicht der zur Zeit arbeitenden Damen. Um sicher zu gehen ob die jeweilige Dame anwesend ist bitten wir Sie um telefonische R\u00fccksprache oder eine vorherige Terminabsprache. R\u00fccksprachen und Terminanfragen bitte unter der +43 7758 26738 Sandra Luna Lara Elin Deysi Melissa Julia Unsere \u00d6ffnungszeiten: t\u00e4glich von &hellip; \u201eBilder\u201c weiterlesen\" \/>\n<meta property=\"og:url\" content=\"https:\/\/erotikmassagehaus.de\/?page_id=8\" \/>\n<meta property=\"og:site_name\" content=\"Erotikmassagehaus\" \/>\n<meta property=\"article:modified_time\" content=\"2026-04-08T04:24:11+00:00\" \/>\n<meta property=\"og:image\" content=\"https:\/\/erotikmassagehaus.de\/wp-content\/uploads\/2025\/06\/004-1.jpg\" \/>\n\t<meta property=\"og:image:width\" content=\"399\" \/>\n\t<meta property=\"og:image:height\" content=\"599\" \/>\n\t<meta property=\"og:image:type\" content=\"image\/jpeg\" \/>\n<meta name=\"twitter:card\" content=\"summary_large_image\" \/>\n<meta name=\"twitter:label1\" content=\"Gesch\u00e4tzte Lesezeit\" \/>\n\t<meta name=\"twitter:data1\" content=\"2\u00a0Minuten\" \/>\n<script type=\"application\/ld+json\" class=\"yoast-schema-graph\">{\"@context\":\"https:\/\/schema.org\",\"@graph\":[{\"@type\":\"WebPage\",\"@id\":\"https:\/\/erotikmassagehaus.de\/?page_id=8\",\"url\":\"https:\/\/erotikmassagehaus.de\/?page_id=8\",\"name\":\"Bilder - Erotikmassagehaus\",\"isPartOf\":{\"@id\":\"https:\/\/erotikmassagehaus.de\/#website\"},\"primaryImageOfPage\":{\"@id\":\"https:\/\/erotikmassagehaus.de\/?page_id=8#primaryimage\"},\"image\":{\"@id\":\"https:\/\/erotikmassagehaus.de\/?page_id=8#primaryimage\"},\"thumbnailUrl\":\"http:\/\/erotikmassagehaus.de\/wp-content\/uploads\/2025\/06\/004-1.jpg\",\"datePublished\":\"2017-07-12T09:33:36+00:00\",\"dateModified\":\"2026-04-08T04:24:11+00:00\",\"breadcrumb\":{\"@id\":\"https:\/\/erotikmassagehaus.de\/?page_id=8#breadcrumb\"},\"inLanguage\":\"de\",\"potentialAction\":[{\"@type\":\"ReadAction\",\"target\":[\"https:\/\/erotikmassagehaus.de\/?page_id=8\"]}]},{\"@type\":\"ImageObject\",\"inLanguage\":\"de\",\"@id\":\"https:\/\/erotikmassagehaus.de\/?page_id=8#primaryimage\",\"url\":\"https:\/\/erotikmassagehaus.de\/wp-content\/uploads\/2025\/06\/004-1.jpg\",\"contentUrl\":\"https:\/\/erotikmassagehaus.de\/wp-content\/uploads\/2025\/06\/004-1.jpg\",\"width\":399,\"height\":599},{\"@type\":\"BreadcrumbList\",\"@id\":\"https:\/\/erotikmassagehaus.de\/?page_id=8#breadcrumb\",\"itemListElement\":[{\"@type\":\"ListItem\",\"position\":1,\"name\":\"Startseite\",\"item\":\"https:\/\/erotikmassagehaus.de\/\"},{\"@type\":\"ListItem\",\"position\":2,\"name\":\"Bilder\"}]},{\"@type\":\"WebSite\",\"@id\":\"https:\/\/erotikmassagehaus.de\/#website\",\"url\":\"https:\/\/erotikmassagehaus.de\/\",\"name\":\"Erotikmassagehaus\",\"description\":\"Obernberg am Inn - Tel. +43 7758 26738\",\"publisher\":{\"@id\":\"https:\/\/erotikmassagehaus.de\/#organization\"},\"potentialAction\":[{\"@type\":\"SearchAction\",\"target\":{\"@type\":\"EntryPoint\",\"urlTemplate\":\"https:\/\/erotikmassagehaus.de\/?s={search_term_string}\"},\"query-input\":{\"@type\":\"PropertyValueSpecification\",\"valueRequired\":true,\"valueName\":\"search_term_string\"}}],\"inLanguage\":\"de\"},{\"@type\":\"Organization\",\"@id\":\"https:\/\/erotikmassagehaus.de\/#organization\",\"name\":\"Samtpf\u00f6tchen - Erotische Massagen und mehr\",\"url\":\"https:\/\/erotikmassagehaus.de\/\",\"logo\":{\"@type\":\"ImageObject\",\"inLanguage\":\"de\",\"@id\":\"https:\/\/erotikmassagehaus.de\/#\/schema\/logo\/image\/\",\"url\":\"https:\/\/erotikmassagehaus.de\/wp-content\/uploads\/2021\/10\/Firmenlogo_Samtpfoetchen.jpg\",\"contentUrl\":\"https:\/\/erotikmassagehaus.de\/wp-content\/uploads\/2021\/10\/Firmenlogo_Samtpfoetchen.jpg\",\"width\":1890,\"height\":945,\"caption\":\"Samtpf\u00f6tchen - Erotische Massagen und mehr\"},\"image\":{\"@id\":\"https:\/\/erotikmassagehaus.de\/#\/schema\/logo\/image\/\"}}]}<\/script>\n<!-- \/ Yoast SEO plugin. -->","yoast_head_json":{"title":"Bilder - Erotikmassagehaus","robots":{"index":"index","follow":"follow","max-snippet":"max-snippet:-1","max-image-preview":"max-image-preview:large","max-video-preview":"max-video-preview:-1"},"canonical":"https:\/\/erotikmassagehaus.de\/?page_id=8","og_locale":"de_DE","og_type":"article","og_title":"Bilder - Erotikmassagehaus","og_description":"Aktuell anwesende erotische Masseusen Hier finden Sie eine aktuelle \u00dcbersicht der zur Zeit arbeitenden Damen. Um sicher zu gehen ob die jeweilige Dame anwesend ist bitten wir Sie um telefonische R\u00fccksprache oder eine vorherige Terminabsprache. R\u00fccksprachen und Terminanfragen bitte unter der +43 7758 26738 Sandra Luna Lara Elin Deysi Melissa Julia Unsere \u00d6ffnungszeiten: t\u00e4glich von &hellip; \u201eBilder\u201c weiterlesen","og_url":"https:\/\/erotikmassagehaus.de\/?page_id=8","og_site_name":"Erotikmassagehaus","article_modified_time":"2026-04-08T04:24:11+00:00","og_image":[{"width":399,"height":599,"url":"https:\/\/erotikmassagehaus.de\/wp-content\/uploads\/2025\/06\/004-1.jpg","type":"image\/jpeg"}],"twitter_card":"summary_large_image","twitter_misc":{"Gesch\u00e4tzte Lesezeit":"2\u00a0Minuten"},"schema":{"@context":"https:\/\/schema.org","@graph":[{"@type":"WebPage","@id":"https:\/\/erotikmassagehaus.de\/?page_id=8","url":"https:\/\/erotikmassagehaus.de\/?page_id=8","name":"Bilder - Erotikmassagehaus","isPartOf":{"@id":"https:\/\/erotikmassagehaus.de\/#website"},"primaryImageOfPage":{"@id":"https:\/\/erotikmassagehaus.de\/?page_id=8#primaryimage"},"image":{"@id":"https:\/\/erotikmassagehaus.de\/?page_id=8#primaryimage"},"thumbnailUrl":"http:\/\/erotikmassagehaus.de\/wp-content\/uploads\/2025\/06\/004-1.jpg","datePublished":"2017-07-12T09:33:36+00:00","dateModified":"2026-04-08T04:24:11+00:00","breadcrumb":{"@id":"https:\/\/erotikmassagehaus.de\/?page_id=8#breadcrumb"},"inLanguage":"de","potentialAction":[{"@type":"ReadAction","target":["https:\/\/erotikmassagehaus.de\/?page_id=8"]}]},{"@type":"ImageObject","inLanguage":"de","@id":"https:\/\/erotikmassagehaus.de\/?page_id=8#primaryimage","url":"https:\/\/erotikmassagehaus.de\/wp-content\/uploads\/2025\/06\/004-1.jpg","contentUrl":"https:\/\/erotikmassagehaus.de\/wp-content\/uploads\/2025\/06\/004-1.jpg","width":399,"height":599},{"@type":"BreadcrumbList","@id":"https:\/\/erotikmassagehaus.de\/?page_id=8#breadcrumb","itemListElement":[{"@type":"ListItem","position":1,"name":"Startseite","item":"https:\/\/erotikmassagehaus.de\/"},{"@type":"ListItem","position":2,"name":"Bilder"}]},{"@type":"WebSite","@id":"https:\/\/erotikmassagehaus.de\/#website","url":"https:\/\/erotikmassagehaus.de\/","name":"Erotikmassagehaus","description":"Obernberg am Inn - Tel. +43 7758 26738","publisher":{"@id":"https:\/\/erotikmassagehaus.de\/#organization"},"potentialAction":[{"@type":"SearchAction","target":{"@type":"EntryPoint","urlTemplate":"https:\/\/erotikmassagehaus.de\/?s={search_term_string}"},"query-input":{"@type":"PropertyValueSpecification","valueRequired":true,"valueName":"search_term_string"}}],"inLanguage":"de"},{"@type":"Organization","@id":"https:\/\/erotikmassagehaus.de\/#organization","name":"Samtpf\u00f6tchen - Erotische Massagen und mehr","url":"https:\/\/erotikmassagehaus.de\/","logo":{"@type":"ImageObject","inLanguage":"de","@id":"https:\/\/erotikmassagehaus.de\/#\/schema\/logo\/image\/","url":"https:\/\/erotikmassagehaus.de\/wp-content\/uploads\/2021\/10\/Firmenlogo_Samtpfoetchen.jpg","contentUrl":"https:\/\/erotikmassagehaus.de\/wp-content\/uploads\/2021\/10\/Firmenlogo_Samtpfoetchen.jpg","width":1890,"height":945,"caption":"Samtpf\u00f6tchen - Erotische Massagen und mehr"},"image":{"@id":"https:\/\/erotikmassagehaus.de\/#\/schema\/logo\/image\/"}}]}},"_links":{"self":[{"href":"https:\/\/erotikmassagehaus.de\/index.php?rest_route=\/wp\/v2\/pages\/8","targetHints":{"allow":["GET"]}}],"collection":[{"href":"https:\/\/erotikmassagehaus.de\/index.php?rest_route=\/wp\/v2\/pages"}],"about":[{"href":"https:\/\/erotikmassagehaus.de\/index.php?rest_route=\/wp\/v2\/types\/page"}],"author":[{"embeddable":true,"href":"https:\/\/erotikmassagehaus.de\/index.php?rest_route=\/wp\/v2\/users\/1"}],"replies":[{"embeddable":true,"href":"https:\/\/erotikmassagehaus.de\/index.php?rest_route=%2Fwp%2Fv2%2Fcomments&post=8"}],"version-history":[{"count":265,"href":"https:\/\/erotikmassagehaus.de\/index.php?rest_route=\/wp\/v2\/pages\/8\/revisions"}],"predecessor-version":[{"id":3924,"href":"https:\/\/erotikmassagehaus.de\/index.php?rest_route=\/wp\/v2\/pages\/8\/revisions\/3924"}],"wp:attachment":[{"href":"https:\/\/erotikmassagehaus.de\/index.php?rest_route=%2Fwp%2Fv2%2Fmedia&parent=8"}],"curies":[{"name":"wp","href":"https:\/\/api.w.org\/{rel}","templated":true}]}}